{"id":919,"date":"2020-09-21T12:24:15","date_gmt":"2020-09-21T12:24:15","guid":{"rendered":"https:\/\/www.megadoor.hu\/?post_type=product&#038;p=919"},"modified":"2020-09-28T14:59:06","modified_gmt":"2020-09-28T14:59:06","slug":"1017-tanganika-biztonsagi-bejarati-ajto","status":"publish","type":"product","link":"https:\/\/www.megadoor.hu\/index.php\/termek\/1017-tanganika-biztonsagi-bejarati-ajto\/","title":{"rendered":"1017 Tanganika"},"content":{"rendered":"<p>A Mega ajt\u00f3k nemcsak bej\u00e1rati, hanem biztons\u00e1gi, h\u0151 \u2013 \u00e9s hangszigetel\u0151 ajt\u00f3k is. Speci\u00e1lisan panelh\u00e1zakba, hagyom\u00e1nyos b\u00e9rh\u00e1zakba, t\u00e1rsash\u00e1zakba fejlesztett\u00e9k ki. Az ajt\u00f3kat k\u00edv\u00fclr\u0151l \u00e9s bel\u00fclr\u0151l pr\u00e9selt MDF lap bor\u00edtja. Az MDF lapok m\u00f6g\u00f6tt helyezkedik el az ajt\u00f3 \u201elelke\u201d az ac\u00e9llemez. A szigetel\u00e9s k\u0151zetgyapottal t\u00f6rt\u00e9nik.<\/p>\n","protected":false},"excerpt":{"rendered":"<table width=\"0\">\n<tbody>\n<tr>\n<td width=\"193\">M\u00e9retek<\/td>\n<td width=\"211\">Kis m\u00e9ret<\/td>\n<td width=\"205\">Nagy m\u00e9ret<\/td>\n<\/tr>\n<tr>\n<td width=\"193\">Sz\u00e9less\u00e9g x magass\u00e1g<\/td>\n<td width=\"211\">88 x 200 cm<\/td>\n<td width=\"205\">92 x 204 cm<\/td>\n<\/tr>\n<tr>\n<td width=\"193\">Toktakar\u00e1s k\u00fcls\u0151 m\u00e9rete<\/td>\n<td width=\"211\">93 x 203 cm<\/td>\n<td width=\"205\">106 x 211 cm<\/td>\n<\/tr>\n<tr>\n<td width=\"193\">Javasolt \u00fcreges falm\u00e9ret<\/td>\n<td width=\"211\">90 x 203 cm<\/td>\n<td width=\"205\">94 x 206 cm<\/td>\n<\/tr>\n<tr>\n<td width=\"193\">Tok vastags\u00e1g<\/td>\n<td width=\"211\">14 cm<\/td>\n<td width=\"205\">11 cm vagy 15 cm<\/td>\n<\/tr>\n<tr>\n<td width=\"193\">Nyit\u00e1sir\u00e1ny<\/td>\n<td width=\"211\">Jobbos\/Balos<\/td>\n<td width=\"205\">Jobbos\/Balos<\/td>\n<\/tr>\n<\/tbody>\n<\/table>\n<p>&nbsp;<\/p>\n","protected":false},"featured_media":976,"template":"","meta":[],"product_brand":[],"product_cat":[28],"product_tag":[],"class_list":{"0":"post-919","1":"product","2":"type-product","3":"status-publish","4":"has-post-thumbnail","6":"product_cat-biztonsagi-bejarati-ajtok","8":"first","9":"instock","10":"shipping-taxable","11":"product-type-simple"},"_links":{"self":[{"href":"https:\/\/www.megadoor.hu\/index.php\/wp-json\/wp\/v2\/product\/919","targetHints":{"allow":["GET"]}}],"collection":[{"href":"https:\/\/www.megadoor.hu\/index.php\/wp-json\/wp\/v2\/product"}],"about":[{"href":"https:\/\/www.megadoor.hu\/index.php\/wp-json\/wp\/v2\/types\/product"}],"version-history":[{"count":9,"href":"https:\/\/www.megadoor.hu\/index.php\/wp-json\/wp\/v2\/product\/919\/revisions"}],"predecessor-version":[{"id":1407,"href":"https:\/\/www.megadoor.hu\/index.php\/wp-json\/wp\/v2\/product\/919\/revisions\/1407"}],"wp:featuredmedia":[{"embeddable":true,"href":"https:\/\/www.megadoor.hu\/index.php\/wp-json\/wp\/v2\/media\/976"}],"wp:attachment":[{"href":"https:\/\/www.megadoor.hu\/index.php\/wp-json\/wp\/v2\/media?parent=919"}],"wp:term":[{"taxonomy":"product_brand","embeddable":true,"href":"https:\/\/www.megadoor.hu\/index.php\/wp-json\/wp\/v2\/product_brand?post=919"},{"taxonomy":"product_cat","embeddable":true,"href":"https:\/\/www.megadoor.hu\/index.php\/wp-json\/wp\/v2\/product_cat?post=919"},{"taxonomy":"product_tag","embeddable":true,"href":"https:\/\/www.megadoor.hu\/index.php\/wp-json\/wp\/v2\/product_tag?post=919"}],"curies":[{"name":"wp","href":"https:\/\/api.w.org\/{rel}","templated":true}]}}