{"id":6366,"date":"2022-10-18T13:41:04","date_gmt":"2022-10-18T13:41:04","guid":{"rendered":"https:\/\/www.megadoor.hu\/?post_type=product&#038;p=6366"},"modified":"2022-10-21T09:45:55","modified_gmt":"2022-10-21T09:45:55","slug":"midea-mex-12-sp-all-easy-pro-split","status":"publish","type":"product","link":"https:\/\/www.megadoor.hu\/index.php\/termek\/midea-mex-12-sp-all-easy-pro-split\/","title":{"rendered":"Midea MEX-12-SP All Easy Pro split 3.5 kW"},"content":{"rendered":"<ul>\n<li class=\"style__ListElement-sc-1dz3e2n-6 cZeXZN\">Automatikus \u00fajraindul\u00e1s<\/li>\n<li class=\"style__ListElement-sc-1dz3e2n-6 cZeXZN\">Gyors \u00e9s k\u00f6nny\u0171 \u00fczembehelyez\u00e9s<\/li>\n<li class=\"style__ListElement-sc-1dz3e2n-6 cZeXZN\">Lamella mem\u00f3ria funkci\u00f3<\/li>\n<li class=\"style__ListElement-sc-1dz3e2n-6 cZeXZN\">Alacsony h\u0171t\u0151k\u00f6zeg \u00e9rz\u00e9kel\u00e9s<\/li>\n<li class=\"style__ListElement-sc-1dz3e2n-6 cZeXZN\">12 fokozat\u00fa ventill\u00e1tor<\/li>\n<li class=\"style__ListElement-sc-1dz3e2n-6 cZeXZN\">4 ir\u00e1ny\u00fa l\u00e9g\u00e1ram<\/li>\n<li class=\"style__ListElement-sc-1dz3e2n-6 cZeXZN\">Turbo \u00fczemm\u00f3d<\/li>\n<li class=\"style__ListElement-sc-1dz3e2n-6 cZeXZN\">Alv\u00e1s automata funkci\u00f3<\/li>\n<li class=\"style__ListElement-sc-1dz3e2n-6 cZeXZN\">Follow me funkci\u00f3<\/li>\n<li class=\"style__ListElement-sc-1dz3e2n-6 cZeXZN\">Ioniz\u00e1tor<\/li>\n<li class=\"style__ListElement-sc-1dz3e2n-6 cZeXZN\">Nagy s\u0171r\u0171s\u00e9g\u0171 sz\u0171r\u0151<\/li>\n<li class=\"style__ListElement-sc-1dz3e2n-6 cZeXZN\">8 \u2103-os temper\u00e1l\u00f3 f\u0171t\u00e9s<\/li>\n<li class=\"style__ListElement-sc-1dz3e2n-6 cZeXZN\">Id\u0151z\u00edt\u0151 funkci\u00f3<\/li>\n<li class=\"style__ListElement-sc-1dz3e2n-6 cZeXZN\">5 fokozat\u00fa k\u00fclt\u00e9ri ventill\u00e1tor<\/li>\n<li class=\"style__ListElement-sc-1dz3e2n-6 cZeXZN\">Golden Fin<\/li>\n<li class=\"style__ListElement-sc-1dz3e2n-6 cZeXZN\">L\u00e1gy l\u00e9g\u00e1ram funkci\u00f3<\/li>\n<li class=\"style__ListElement-sc-1dz3e2n-6 cZeXZN\">\u00d6ntiszt\u00edt\u00e1s<\/li>\n<li class=\"style__ListElement-sc-1dz3e2n-6 cZeXZN\">Cseppt\u00e1lca f\u0171t\u00e9s<\/li>\n<li class=\"style__ListElement-sc-1dz3e2n-6 cZeXZN\">Gy\u00e1ri Wifi vez\u00e9rl\u00e9s<\/li>\n<li class=\"style__ListElement-sc-1dz3e2n-6 cZeXZN\">H\u0171t\u0151k\u00f6zeg-sziv\u00e1rg\u00e1s \u00e9szlel\u00e9s funkci\u00f3<\/li>\n<li class=\"style__ListElement-sc-1dz3e2n-6 cZeXZN\">\u03c0 alak\u00fa szerel\u0151lap<\/li>\n<li class=\"style__ListElement-sc-1dz3e2n-6 cZeXZN\">Karterf\u0171t\u00e9s<\/li>\n<li class=\"style__ListElement-sc-1dz3e2n-6 cZeXZN\">2 ir\u00e1ny\u00fa cs\u0151csatlakoz\u00e1s<\/li>\n<li class=\"style__ListElement-sc-1dz3e2n-6 cZeXZN\">K\u00fclt\u00e9ri \u00f6nportalan\u00edt\u00f3 funkci\u00f3<\/li>\n<li class=\"style__ListElement-sc-1dz3e2n-6 cZeXZN\">Gear shift teljes\u00edtm\u00e9nyszab\u00e1lyoz\u00e1s<\/li>\n<li class=\"style__ListElement-sc-1dz3e2n-6 cZeXZN\">Eco m\u00f3d (25-50-75%)<\/li>\n<li class=\"style__ListElement-sc-1dz3e2n-6 cZeXZN\">Intelligens szem<\/li>\n<li class=\"style__ListElement-sc-1dz3e2n-6 cZeXZN\">R32 H\u0171t\u0151k\u00f6zeg<\/li>\n<li class=\"style__ListElement-sc-1dz3e2n-6 cZeXZN\">Opcion\u00e1lis multi function board<\/li>\n<\/ul>\n","protected":false},"excerpt":{"rendered":"<p>Az MIDEA MEX-12-SP ALL EASY PRO SPLIT k\u00e9sz\u00fcl\u00e9kek nem csak b\u00e1rmilyen ny\u00e1ri h\u0151s\u00e9gben, hanem a t\u00e9li hidegben is\u00a0 hihetetlen gyorsan k\u00e9pesek komfortos h\u0151m\u00e9rs\u00e9kletet biztos\u00edtani, de verhetetlenek a gyors szerelhet\u0151s\u00e9g \u00e9s a karbantart\u00e1s kateg\u00f3ri\u00e1j\u00e1ban is!<\/p>\n<p>A Pro kl\u00edmaberendez\u00e9s kit\u0171n\u0151 SEER (8,5W\/W) \u00e9s SCOP (4,5W\/W) \u00e9rt\u00e9kekkel, emellett A+++\/A++ energia besorol\u00e1ssal rendelkezik, igazi pr\u00e9mium k\u00e9sz\u00fcl\u00e9k.<\/p>\n<p class=\"uni-lead-md \">\n","protected":false},"featured_media":6371,"template":"","meta":[],"product_brand":[],"product_cat":[38],"product_tag":[],"class_list":{"0":"post-6366","1":"product","2":"type-product","3":"status-publish","4":"has-post-thumbnail","6":"product_cat-klimak","8":"first","9":"instock","10":"shipping-taxable","11":"product-type-simple"},"_links":{"self":[{"href":"https:\/\/www.megadoor.hu\/index.php\/wp-json\/wp\/v2\/product\/6366","targetHints":{"allow":["GET"]}}],"collection":[{"href":"https:\/\/www.megadoor.hu\/index.php\/wp-json\/wp\/v2\/product"}],"about":[{"href":"https:\/\/www.megadoor.hu\/index.php\/wp-json\/wp\/v2\/types\/product"}],"version-history":[{"count":11,"href":"https:\/\/www.megadoor.hu\/index.php\/wp-json\/wp\/v2\/product\/6366\/revisions"}],"predecessor-version":[{"id":6423,"href":"https:\/\/www.megadoor.hu\/index.php\/wp-json\/wp\/v2\/product\/6366\/revisions\/6423"}],"wp:featuredmedia":[{"embeddable":true,"href":"https:\/\/www.megadoor.hu\/index.php\/wp-json\/wp\/v2\/media\/6371"}],"wp:attachment":[{"href":"https:\/\/www.megadoor.hu\/index.php\/wp-json\/wp\/v2\/media?parent=6366"}],"wp:term":[{"taxonomy":"product_brand","embeddable":true,"href":"https:\/\/www.megadoor.hu\/index.php\/wp-json\/wp\/v2\/product_brand?post=6366"},{"taxonomy":"product_cat","embeddable":true,"href":"https:\/\/www.megadoor.hu\/index.php\/wp-json\/wp\/v2\/product_cat?post=6366"},{"taxonomy":"product_tag","embeddable":true,"href":"https:\/\/www.megadoor.hu\/index.php\/wp-json\/wp\/v2\/product_tag?post=6366"}],"curies":[{"name":"wp","href":"https:\/\/api.w.org\/{rel}","templated":true}]}}