{"id":6321,"date":"2022-10-18T11:30:23","date_gmt":"2022-10-18T11:30:23","guid":{"rendered":"https:\/\/www.megadoor.hu\/?post_type=product&#038;p=6321"},"modified":"2022-10-18T12:01:23","modified_gmt":"2022-10-18T12:01:23","slug":"hisense-energy-pro-35-kw-split-klima","status":"publish","type":"product","link":"https:\/\/www.megadoor.hu\/index.php\/termek\/hisense-energy-pro-35-kw-split-klima\/","title":{"rendered":"Hisense Energy Pro 3,5 kW split kl\u00edma"},"content":{"rendered":"<h4>F\u0151bb jellemz\u0151k<\/h4>\n<ul>\n<li>Hi-Nano l\u00e9gtiszt\u00edt\u00e1s<\/li>\n<li>Csendes \u00fczemm\u00f3d (18 dB)<\/li>\n<li>MI vez\u00e9relt komfort m\u00f3d<\/li>\n<li>Automata \u00f6ntiszt\u00edt\u00e1s (k\u00fcl- \u00e9s belt\u00e9ri)<\/li>\n<li>Cseppt\u00e1lca f\u0171t\u00e9s a k\u00fclt\u00e9ri egys\u00e9gben<\/li>\n<li>Okos \u00fczemm\u00f3d<\/li>\n<li>Szupergyors h\u0171t\u00e9s \u00e9s f\u0171t\u00e9s m\u00f3d<\/li>\n<li>I Feel \u00fczemm\u00f3d<\/li>\n<li>Alv\u00e1si programok<\/li>\n<li>Id\u0151z\u00edthet\u0151 ki- \u00e9s bekapcsol\u00e1s<\/li>\n<li>Automatikus tiszt\u00edt\u00e1si funkci\u00f3<\/li>\n<li>Motoros v\u00edzszintes \u00e9s f\u00fcgg\u0151leges l\u00e9gterel\u0151 mozgat\u00e1s<\/li>\n<li>Automatikus f\u0171t\u00e9s 8\u00b0C h\u0151m\u00e9rs\u00e9klet alatt<\/li>\n<li>Kijelz\u0151 els\u00f6t\u00e9t\u00edt\u00e9s<\/li>\n<li>5 ventil\u00e1tor fokozat vagy automata<\/li>\n<li>Automata \u00fajraindul\u00e1s<\/li>\n<\/ul>\n<h4>Felhaszn\u00e1l\u00f3bar\u00e1t funkci\u00f3k<\/h4>\n<p>A 6 k\u00fcl\u00f6n szab\u00e1lyozhat\u00f3 ventil\u00e1torszint mellett a kl\u00edma szuperh\u0171t\u00e9s \u00e9s szuperf\u0171t\u00e9s funkci\u00f3kkal is rendelkezik a helyis\u00e9g gyors leh\u0171l\u00e9s\u00e9hez vagy f\u0171t\u00e9s\u00e9hez. Smart m\u00f3dban a k\u00e9sz\u00fcl\u00e9k automatikusan v\u00e1laszt a pillanatnyilag sz\u00fcks\u00e9ges \u00fczemm\u00f3dok k\u00f6z\u00fcl. A t\u00e1vir\u00e1ny\u00edt\u00f3ba \u00e9p\u00edtett h\u0151m\u00e9rs\u00e9klet szenzor \u00e9s az I Feel funkci\u00f3 seg\u00edts\u00e9g\u00e9vel a k\u00e9sz\u00fcl\u00e9k pont azt a h\u0151m\u00e9rs\u00e9kletet \u00e9rz\u00e9keli, amit te.<\/p>\n<p>A t\u00f6k\u00e9letes komforthoz az Energy Pro 2,6 kW split kl\u00edma t\u00e9len hat\u00e9kony f\u0171t\u00e9st, ny\u00e1ron pedig kellemes h\u0171t\u00e9st \u00e9s p\u00e1r\u00e1tlan\u00edt\u00e1s lehet\u0151s\u00e9g\u00e9t k\u00edn\u00e1lja. A SEER \u00e9s SCOP \u00e9rt\u00e9kek alapj\u00e1n a k\u00e9sz\u00fcl\u00e9k mind h\u0171t\u00e9sben, mind pedig f\u0171t\u00e9sben A+++ energiaoszt\u00e1ly\u00fa \u00e9s ig\u00e9nyelhet\u0151k hozz\u00e1 a kedvezm\u00e9nyes szolg\u00e1ltat\u00f3i energiatarif\u00e1k is.<\/p>\n<p>Az Energy Pro nem csak az elektromos sz\u00e1ml\u00e1ban takar\u00edt meg. A k\u00fclt\u00e9ri \u00e9s belt\u00e9ri egys\u00e9get is automatikusan tiszt\u00edtja, \u00edgy cs\u00f6kkentve a karbantart\u00e1sok alkalm\u00e1val a tiszt\u00edt\u00e1sra ford\u00edtott id\u0151t.<\/p>\n<h4>Okos funkci\u00f3k &#8211; k\u00e9nyelmes hangvez\u00e9rl\u00e9s<\/h4>\n<p>Haszn\u00e1ld a magyar nyelv\u0171 HiSmart-Life alkalmaz\u00e1st mobilodon \u00e9s vez\u00e9reld b\u00e1rhonnan kl\u00edm\u00e1dat.<\/p>\n<p>Az Amazon Alexa, a Google asszisztens* seg\u00edts\u00e9g\u00e9vel pedig saj\u00e1t hangoddal is be- \u00e9s kikapcsolhatod a k\u00e9sz\u00fcl\u00e9ket, be\u00e1ll\u00edthatod a k\u00edv\u00e1nt h\u0151m\u00e9rs\u00e9kletet, megv\u00e1ltoztathatod az \u00fczemm\u00f3dokat.<\/p>\n<p><em>* Az Amazon, az Alexa \u00e9s minden kapcsol\u00f3d\u00f3 log\u00f3 az Amazon.com, Inc. v\u00e9djegye; A Google \u00e9s a kapcsol\u00f3d\u00f3 term\u00e9knevek \u00e9s log\u00f3k a Google LLC v\u00e9djegyei.<\/em><\/p>\n","protected":false},"excerpt":{"rendered":"<p>Hisense Energy Pro 3,5 kW split kl\u00edma kompromisszumokt\u00f3l mentes, kiemelked\u0151en energiahat\u00e9kony megold\u00e1s h\u0171t\u00e9sre \u00e9s f\u0171t\u00e9sre. A st\u00edlusos kialak\u00edt\u00e1s t\u00f6k\u00e9letesen illeszkedik a modern k\u00f6rnyezetbe. K\u00e9nyelmesen m\u0171k\u00f6dtetheted a k\u00e9sz\u00fcl\u00e9k t\u00e1vir\u00e1ny\u00edt\u00f3j\u00e1val, vagy okostelefonodr\u00f3l \u2013 ak\u00e1r hangvez\u00e9rl\u00e9ssel is. A t\u00f6k\u00e9letes komfortr\u00f3l mesters\u00e9ges intelligencia gondoskodik \u00e9s a szuper csendes kl\u00edm\u00e1d a m\u0171k\u00f6d\u00e9si zaj\u00e1val sem fog zavarni.<\/p>\n<ul>\n<li>Energiaoszt\u00e1ly (h\u0171t\u00e9s): A+++<\/li>\n<li>Energiaoszt\u00e1ly (f\u0171t\u00e9s): A+++<\/li>\n<li>Wi-Fi<\/li>\n<li>Aj\u00e1nlott szobam\u00e9ret: (l\u00e9g m3): 113<\/li>\n<\/ul>\n","protected":false},"featured_media":6318,"template":"","meta":[],"product_brand":[],"product_cat":[38],"product_tag":[],"class_list":{"0":"post-6321","1":"product","2":"type-product","3":"status-publish","4":"has-post-thumbnail","6":"product_cat-klimak","8":"first","9":"instock","10":"shipping-taxable","11":"product-type-simple"},"_links":{"self":[{"href":"https:\/\/www.megadoor.hu\/index.php\/wp-json\/wp\/v2\/product\/6321","targetHints":{"allow":["GET"]}}],"collection":[{"href":"https:\/\/www.megadoor.hu\/index.php\/wp-json\/wp\/v2\/product"}],"about":[{"href":"https:\/\/www.megadoor.hu\/index.php\/wp-json\/wp\/v2\/types\/product"}],"version-history":[{"count":1,"href":"https:\/\/www.megadoor.hu\/index.php\/wp-json\/wp\/v2\/product\/6321\/revisions"}],"predecessor-version":[{"id":6322,"href":"https:\/\/www.megadoor.hu\/index.php\/wp-json\/wp\/v2\/product\/6321\/revisions\/6322"}],"wp:featuredmedia":[{"embeddable":true,"href":"https:\/\/www.megadoor.hu\/index.php\/wp-json\/wp\/v2\/media\/6318"}],"wp:attachment":[{"href":"https:\/\/www.megadoor.hu\/index.php\/wp-json\/wp\/v2\/media?parent=6321"}],"wp:term":[{"taxonomy":"product_brand","embeddable":true,"href":"https:\/\/www.megadoor.hu\/index.php\/wp-json\/wp\/v2\/product_brand?post=6321"},{"taxonomy":"product_cat","embeddable":true,"href":"https:\/\/www.megadoor.hu\/index.php\/wp-json\/wp\/v2\/product_cat?post=6321"},{"taxonomy":"product_tag","embeddable":true,"href":"https:\/\/www.megadoor.hu\/index.php\/wp-json\/wp\/v2\/product_tag?post=6321"}],"curies":[{"name":"wp","href":"https:\/\/api.w.org\/{rel}","templated":true}]}}