{"id":1162,"date":"2020-09-23T07:54:50","date_gmt":"2020-09-23T07:54:50","guid":{"rendered":"https:\/\/www.megadoor.hu\/?post_type=product&#038;p=1162"},"modified":"2021-08-06T15:03:28","modified_gmt":"2021-08-06T15:03:28","slug":"best-g1-belteri-ajto","status":"publish","type":"product","link":"https:\/\/www.megadoor.hu\/index.php\/termek\/best-g1-belteri-ajto\/","title":{"rendered":"BEST G1 belt\u00e9ri ajt\u00f3"},"content":{"rendered":"<p>A Best t\u00edpus\u00fa belt\u00e9ri ajt\u00f3k t\u00f6k\u00e9letesen megfelelnek csal\u00e1di h\u00e1zak, irod\u00e1k, illetve panellak\u00e1sok dekorat\u00edv bels\u0151 tereinek kialak\u00edt\u00e1s\u00e1ra. Az ajt\u00f3 t\u00f6bb r\u00e9tegben ragasztott t\u00f6m\u00f6r, CPL f\u00f3li\u00e1val bor\u00edtott MDF falapokb\u00f3l \u00e1ll. A term\u00e9kek ut\u00f3lag szerelhet\u0151, \u00e1ll\u00edthat\u00f3 tokkal rendelkeznek, az ajt\u00f3k f\u00f3li\u00e1z\u00e1sa k\u00f6nnyen tiszt\u00edthat\u00f3, nem fakul, ellen\u00e1ll a nedvess\u00e9gnek, a karcol\u00e1snak. Ajt\u00f3ink kiv\u00e1l\u00f3 h\u0151- \u00e9s hangszigetel\u00e9s\u0171 4 cm-es t\u00f6m\u00f6r MDF lappal vannak ell\u00e1tva, melyek 3 forg\u00f3p\u00e1nttal vannak szerelve. Az ajt\u00f3khoz 10 cm-es k\u00e9toldali takar\u00e1ssal rendelkez\u0151 tok tartozik.<\/p>\n","protected":false},"excerpt":{"rendered":"<p>A Best t\u00edpus\u00fa belt\u00e9ri ajt\u00f3k t\u00f6k\u00e9letesen megfelelnek csal\u00e1di h\u00e1zak, irod\u00e1k, illetve panellak\u00e1sok dekorat\u00edv bels\u0151 tereinek kialak\u00edt\u00e1s\u00e1ra. Az ajt\u00f3 t\u00f6bb r\u00e9tegben ragasztott t\u00f6m\u00f6r, CPL f\u00f3li\u00e1val bor\u00edtott MDF falapokb\u00f3l \u00e1ll. A term\u00e9kek ut\u00f3lag szerelhet\u0151, \u00e1ll\u00edthat\u00f3 tokkal rendelkeznek, az ajt\u00f3k f\u00f3li\u00e1z\u00e1sa k\u00f6nnyen tiszt\u00edthat\u00f3, nem fakul, ellen\u00e1ll a nedvess\u00e9gnek, a karcol\u00e1snak. Ajt\u00f3ink kiv\u00e1l\u00f3 h\u0151- \u00e9s hangszigetel\u00e9s\u0171 4 cm-es t\u00f6m\u00f6r [&hellip;]<\/p>\n","protected":false},"featured_media":1210,"template":"","meta":[],"product_brand":[],"product_cat":[29],"product_tag":[],"class_list":{"0":"post-1162","1":"product","2":"type-product","3":"status-publish","4":"has-post-thumbnail","6":"product_cat-best-belteri-ajtok","8":"first","9":"instock","10":"shipping-taxable","11":"product-type-simple"},"_links":{"self":[{"href":"https:\/\/www.megadoor.hu\/index.php\/wp-json\/wp\/v2\/product\/1162","targetHints":{"allow":["GET"]}}],"collection":[{"href":"https:\/\/www.megadoor.hu\/index.php\/wp-json\/wp\/v2\/product"}],"about":[{"href":"https:\/\/www.megadoor.hu\/index.php\/wp-json\/wp\/v2\/types\/product"}],"version-history":[{"count":4,"href":"https:\/\/www.megadoor.hu\/index.php\/wp-json\/wp\/v2\/product\/1162\/revisions"}],"predecessor-version":[{"id":1442,"href":"https:\/\/www.megadoor.hu\/index.php\/wp-json\/wp\/v2\/product\/1162\/revisions\/1442"}],"wp:featuredmedia":[{"embeddable":true,"href":"https:\/\/www.megadoor.hu\/index.php\/wp-json\/wp\/v2\/media\/1210"}],"wp:attachment":[{"href":"https:\/\/www.megadoor.hu\/index.php\/wp-json\/wp\/v2\/media?parent=1162"}],"wp:term":[{"taxonomy":"product_brand","embeddable":true,"href":"https:\/\/www.megadoor.hu\/index.php\/wp-json\/wp\/v2\/product_brand?post=1162"},{"taxonomy":"product_cat","embeddable":true,"href":"https:\/\/www.megadoor.hu\/index.php\/wp-json\/wp\/v2\/product_cat?post=1162"},{"taxonomy":"product_tag","embeddable":true,"href":"https:\/\/www.megadoor.hu\/index.php\/wp-json\/wp\/v2\/product_tag?post=1162"}],"curies":[{"name":"wp","href":"https:\/\/api.w.org\/{rel}","templated":true}]}}