{"id":6095,"date":"2022-10-17T08:49:49","date_gmt":"2022-10-17T08:49:49","guid":{"rendered":"https:\/\/www.megadoor.hu\/?page_id=6095"},"modified":"2022-10-19T13:47:40","modified_gmt":"2022-10-19T13:47:40","slug":"klimak","status":"publish","type":"page","link":"https:\/\/www.megadoor.hu\/index.php\/klimak\/","title":{"rendered":"Kl\u00edm\u00e1k"},"content":{"rendered":"\t\t<div data-elementor-type=\"wp-page\" data-elementor-id=\"6095\" class=\"elementor elementor-6095\" data-elementor-post-type=\"page\">\n\t\t\t\t\t\t<section class=\"elementor-section elementor-top-section elementor-element elementor-element-317621bf elementor-section-stretched elementor-section-boxed elementor-section-height-default elementor-section-height-default\" data-id=\"317621bf\" data-element_type=\"section\" data-e-type=\"section\" id=\"biztonsagi\" data-settings=\"{&quot;stretch_section&quot;:&quot;section-stretched&quot;}\">\n\t\t\t\t\t\t<div class=\"elementor-container elementor-column-gap-default\">\n\t\t\t\t\t<div class=\"elementor-column elementor-col-33 elementor-top-column elementor-element elementor-element-bb2e9d\" data-id=\"bb2e9d\" data-element_type=\"column\" data-e-type=\"column\">\n\t\t\t<div class=\"elementor-widget-wrap elementor-element-populated\">\n\t\t\t\t\t\t<div class=\"elementor-element elementor-element-65411811 elementor-widget-divider--view-line elementor-widget elementor-widget-divider\" data-id=\"65411811\" data-element_type=\"widget\" data-e-type=\"widget\" data-widget_type=\"divider.default\">\n\t\t\t\t<div class=\"elementor-widget-container\">\n\t\t\t\t\t\t\t<div class=\"elementor-divider\">\n\t\t\t<span class=\"elementor-divider-separator\">\n\t\t\t\t\t\t<\/span>\n\t\t<\/div>\n\t\t\t\t\t\t<\/div>\n\t\t\t\t<\/div>\n\t\t\t\t\t<\/div>\n\t\t<\/div>\n\t\t\t\t<div class=\"elementor-column elementor-col-33 elementor-top-column elementor-element elementor-element-4613be53\" data-id=\"4613be53\" data-element_type=\"column\" data-e-type=\"column\">\n\t\t\t<div class=\"elementor-widget-wrap elementor-element-populated\">\n\t\t\t\t\t\t\t<\/div>\n\t\t<\/div>\n\t\t\t\t<div class=\"elementor-column elementor-col-33 elementor-top-column elementor-element elementor-element-15b33950\" data-id=\"15b33950\" data-element_type=\"column\" data-e-type=\"column\">\n\t\t\t<div class=\"elementor-widget-wrap elementor-element-populated\">\n\t\t\t\t\t\t<div class=\"elementor-element elementor-element-1e34635d elementor-widget-divider--view-line elementor-widget elementor-widget-divider\" data-id=\"1e34635d\" data-element_type=\"widget\" data-e-type=\"widget\" data-widget_type=\"divider.default\">\n\t\t\t\t<div class=\"elementor-widget-container\">\n\t\t\t\t\t\t\t<div class=\"elementor-divider\">\n\t\t\t<span class=\"elementor-divider-separator\">\n\t\t\t\t\t\t<\/span>\n\t\t<\/div>\n\t\t\t\t\t\t<\/div>\n\t\t\t\t<\/div>\n\t\t\t\t\t<\/div>\n\t\t<\/div>\n\t\t\t\t\t<\/div>\n\t\t<\/section>\n\t\t\t\t<section class=\"elementor-section elementor-top-section elementor-element elementor-element-0917158 elementor-section-stretched elementor-section-boxed elementor-section-height-default elementor-section-height-default\" data-id=\"0917158\" data-element_type=\"section\" data-e-type=\"section\" data-settings=\"{&quot;stretch_section&quot;:&quot;section-stretched&quot;}\">\n\t\t\t\t\t\t<div class=\"elementor-container elementor-column-gap-default\">\n\t\t\t\t\t<div class=\"elementor-column elementor-col-100 elementor-top-column elementor-element elementor-element-ba8bf57 elementor-invisible\" data-id=\"ba8bf57\" data-element_type=\"column\" data-e-type=\"column\" data-settings=\"{&quot;animation&quot;:&quot;fadeInUp&quot;}\">\n\t\t\t<div class=\"elementor-widget-wrap elementor-element-populated\">\n\t\t\t\t\t\t<div class=\"elementor-element elementor-element-8603114 elementor-product-loop-item--align-left elementor-grid-4 elementor-grid-tablet-3 elementor-grid-mobile-2 elementor-products-grid elementor-wc-products elementor-widget elementor-widget-woocommerce-products\" data-id=\"8603114\" data-element_type=\"widget\" data-e-type=\"widget\" id=\"listazas_klima\" data-widget_type=\"woocommerce-products.default\">\n\t\t\t\t<div class=\"elementor-widget-container\">\n\t\t\t\t\t<div class=\"woocommerce columns-4 \"><ul class=\"products elementor-grid columns-4\">\n<li class=\"product type-product post-6366 status-publish first instock product_cat-klimak has-post-thumbnail shipping-taxable product-type-simple\">\n\t<a href=\"https:\/\/www.megadoor.hu\/index.php\/termek\/midea-mex-12-sp-all-easy-pro-split\/\" class=\"woocommerce-LoopProduct-link woocommerce-loop-product__link\"><img fetchpriority=\"high\" decoding=\"async\" width=\"450\" height=\"450\" src=\"https:\/\/www.megadoor.hu\/wp-content\/uploads\/2022\/10\/MIDEA-MEX-12-SP-ALL-EASY-PRO-SPLIT_-1-450x450.jpg\" class=\"attachment-woocommerce_thumbnail size-woocommerce_thumbnail\" alt=\"MIDEA MEX-12-SP ALL EASY PRO SPLIT\" srcset=\"https:\/\/www.megadoor.hu\/wp-content\/uploads\/2022\/10\/MIDEA-MEX-12-SP-ALL-EASY-PRO-SPLIT_-1-450x450.jpg 450w, https:\/\/www.megadoor.hu\/wp-content\/uploads\/2022\/10\/MIDEA-MEX-12-SP-ALL-EASY-PRO-SPLIT_-1-300x300.jpg 300w, https:\/\/www.megadoor.hu\/wp-content\/uploads\/2022\/10\/MIDEA-MEX-12-SP-ALL-EASY-PRO-SPLIT_-1-150x150.jpg 150w, https:\/\/www.megadoor.hu\/wp-content\/uploads\/2022\/10\/MIDEA-MEX-12-SP-ALL-EASY-PRO-SPLIT_-1-768x768.jpg 768w, https:\/\/www.megadoor.hu\/wp-content\/uploads\/2022\/10\/MIDEA-MEX-12-SP-ALL-EASY-PRO-SPLIT_-1-600x600.jpg 600w, https:\/\/www.megadoor.hu\/wp-content\/uploads\/2022\/10\/MIDEA-MEX-12-SP-ALL-EASY-PRO-SPLIT_-1-100x100.jpg 100w, https:\/\/www.megadoor.hu\/wp-content\/uploads\/2022\/10\/MIDEA-MEX-12-SP-ALL-EASY-PRO-SPLIT_-1.jpg 985w\" sizes=\"(max-width: 450px) 100vw, 450px\" title=\"\"><h2 class=\"woocommerce-loop-product__title\">Midea MEX-12-SP All Easy Pro split 3.5 kW<\/h2>\n<\/a><div class=\"woocommerce-loop-product__buttons\"><a href=\"https:\/\/www.megadoor.hu\/index.php\/termek\/midea-mex-12-sp-all-easy-pro-split\/\" aria-describedby=\"woocommerce_loop_add_to_cart_link_describedby_6366\" data-quantity=\"1\" class=\"button product_type_simple\" data-product_id=\"6366\" data-product_sku=\"MEX-12-SP\" aria-label=\"&ldquo;Midea MEX-12-SP All Easy Pro split 3.5 kW&rdquo; term\u00e9kr\u0151l t\u00f6bb inform\u00e1ci\u00f3\" rel=\"nofollow\" data-success_message=\"\">MEGN\u00c9ZEM<\/a><\/div>\t<span id=\"woocommerce_loop_add_to_cart_link_describedby_6366\" class=\"screen-reader-text\">\n\t\t\t<\/span>\n<\/li>\n<li class=\"product type-product post-6326 status-publish instock product_cat-klimak has-post-thumbnail shipping-taxable product-type-simple\">\n\t<a href=\"https:\/\/www.megadoor.hu\/index.php\/termek\/hisense-energy-se-5-kw-split-klima-szett\/\" class=\"woocommerce-LoopProduct-link woocommerce-loop-product__link\"><img decoding=\"async\" width=\"450\" height=\"450\" data-src=\"https:\/\/www.megadoor.hu\/wp-content\/uploads\/2022\/10\/Hisense-EnergySE-5-kW-1_-1-450x450.jpg\" class=\"attachment-woocommerce_thumbnail size-woocommerce_thumbnail lazyload\" alt=\"Hisense Energy SE 5 kW\" data-srcset=\"https:\/\/www.megadoor.hu\/wp-content\/uploads\/2022\/10\/Hisense-EnergySE-5-kW-1_-1-450x450.jpg 450w, https:\/\/www.megadoor.hu\/wp-content\/uploads\/2022\/10\/Hisense-EnergySE-5-kW-1_-1-300x300.jpg 300w, https:\/\/www.megadoor.hu\/wp-content\/uploads\/2022\/10\/Hisense-EnergySE-5-kW-1_-1-150x150.jpg 150w, https:\/\/www.megadoor.hu\/wp-content\/uploads\/2022\/10\/Hisense-EnergySE-5-kW-1_-1-768x768.jpg 768w, https:\/\/www.megadoor.hu\/wp-content\/uploads\/2022\/10\/Hisense-EnergySE-5-kW-1_-1-600x600.jpg 600w, https:\/\/www.megadoor.hu\/wp-content\/uploads\/2022\/10\/Hisense-EnergySE-5-kW-1_-1-100x100.jpg 100w, https:\/\/www.megadoor.hu\/wp-content\/uploads\/2022\/10\/Hisense-EnergySE-5-kW-1_-1.jpg 985w\" data-sizes=\"(max-width: 450px) 100vw, 450px\" title=\"\" src=\"data:image\/svg+xml;base64,PHN2ZyB3aWR0aD0iMSIgaGVpZ2h0PSIxIiB4bWxucz0iaHR0cDovL3d3dy53My5vcmcvMjAwMC9zdmciPjwvc3ZnPg==\" style=\"--smush-placeholder-width: 450px; --smush-placeholder-aspect-ratio: 450\/450;\"><h2 class=\"woocommerce-loop-product__title\">Hisense Energy SE 5 kW split kl\u00edma szett<\/h2>\n<\/a><div class=\"woocommerce-loop-product__buttons\"><a href=\"https:\/\/www.megadoor.hu\/index.php\/termek\/hisense-energy-se-5-kw-split-klima-szett\/\" aria-describedby=\"woocommerce_loop_add_to_cart_link_describedby_6326\" data-quantity=\"1\" class=\"button product_type_simple\" data-product_id=\"6326\" data-product_sku=\"AST-12UW4RXVQE00-1\" aria-label=\"&ldquo;Hisense Energy SE 5 kW split kl\u00edma szett&rdquo; term\u00e9kr\u0151l t\u00f6bb inform\u00e1ci\u00f3\" rel=\"nofollow\" data-success_message=\"\">MEGN\u00c9ZEM<\/a><\/div>\t<span id=\"woocommerce_loop_add_to_cart_link_describedby_6326\" class=\"screen-reader-text\">\n\t\t\t<\/span>\n<\/li>\n<li class=\"product type-product post-6321 status-publish instock product_cat-klimak has-post-thumbnail shipping-taxable product-type-simple\">\n\t<a href=\"https:\/\/www.megadoor.hu\/index.php\/termek\/hisense-energy-pro-35-kw-split-klima\/\" class=\"woocommerce-LoopProduct-link woocommerce-loop-product__link\"><img decoding=\"async\" width=\"450\" height=\"450\" data-src=\"https:\/\/www.megadoor.hu\/wp-content\/uploads\/2022\/10\/Hisense-EnergyPRO-35-1_-450x450.jpg\" class=\"attachment-woocommerce_thumbnail size-woocommerce_thumbnail lazyload\" alt=\"Hisense Energy Pro 3,5 kW\" data-srcset=\"https:\/\/www.megadoor.hu\/wp-content\/uploads\/2022\/10\/Hisense-EnergyPRO-35-1_-450x450.jpg 450w, https:\/\/www.megadoor.hu\/wp-content\/uploads\/2022\/10\/Hisense-EnergyPRO-35-1_-300x300.jpg 300w, https:\/\/www.megadoor.hu\/wp-content\/uploads\/2022\/10\/Hisense-EnergyPRO-35-1_-150x150.jpg 150w, https:\/\/www.megadoor.hu\/wp-content\/uploads\/2022\/10\/Hisense-EnergyPRO-35-1_-768x768.jpg 768w, https:\/\/www.megadoor.hu\/wp-content\/uploads\/2022\/10\/Hisense-EnergyPRO-35-1_-600x600.jpg 600w, https:\/\/www.megadoor.hu\/wp-content\/uploads\/2022\/10\/Hisense-EnergyPRO-35-1_-100x100.jpg 100w, https:\/\/www.megadoor.hu\/wp-content\/uploads\/2022\/10\/Hisense-EnergyPRO-35-1_.jpg 985w\" data-sizes=\"(max-width: 450px) 100vw, 450px\" title=\"\" src=\"data:image\/svg+xml;base64,PHN2ZyB3aWR0aD0iMSIgaGVpZ2h0PSIxIiB4bWxucz0iaHR0cDovL3d3dy53My5vcmcvMjAwMC9zdmciPjwvc3ZnPg==\" style=\"--smush-placeholder-width: 450px; --smush-placeholder-aspect-ratio: 450\/450;\"><h2 class=\"woocommerce-loop-product__title\">Hisense Energy Pro 3,5 kW split kl\u00edma<\/h2>\n<\/a><div class=\"woocommerce-loop-product__buttons\"><a href=\"https:\/\/www.megadoor.hu\/index.php\/termek\/hisense-energy-pro-35-kw-split-klima\/\" aria-describedby=\"woocommerce_loop_add_to_cart_link_describedby_6321\" data-quantity=\"1\" class=\"button product_type_simple\" data-product_id=\"6321\" data-product_sku=\"AST-12UW4RXVQE00\" aria-label=\"&ldquo;Hisense Energy Pro 3,5 kW split kl\u00edma&rdquo; term\u00e9kr\u0151l t\u00f6bb inform\u00e1ci\u00f3\" rel=\"nofollow\" data-success_message=\"\">MEGN\u00c9ZEM<\/a><\/div>\t<span id=\"woocommerce_loop_add_to_cart_link_describedby_6321\" class=\"screen-reader-text\">\n\t\t\t<\/span>\n<\/li>\n<li class=\"product type-product post-6314 status-publish last instock product_cat-klimak has-post-thumbnail shipping-taxable product-type-simple\">\n\t<a href=\"https:\/\/www.megadoor.hu\/index.php\/termek\/hisense-energy-se-35-kw-split-klima-szett\/\" class=\"woocommerce-LoopProduct-link woocommerce-loop-product__link\"><img decoding=\"async\" width=\"450\" height=\"450\" data-src=\"https:\/\/www.megadoor.hu\/wp-content\/uploads\/2022\/10\/Hisense-Energy-SE-35-kW-1_-450x450.jpg\" class=\"attachment-woocommerce_thumbnail size-woocommerce_thumbnail lazyload\" alt=\"Hisense Energy SE 3,5 kW\" data-srcset=\"https:\/\/www.megadoor.hu\/wp-content\/uploads\/2022\/10\/Hisense-Energy-SE-35-kW-1_-450x450.jpg 450w, https:\/\/www.megadoor.hu\/wp-content\/uploads\/2022\/10\/Hisense-Energy-SE-35-kW-1_-300x300.jpg 300w, https:\/\/www.megadoor.hu\/wp-content\/uploads\/2022\/10\/Hisense-Energy-SE-35-kW-1_-150x150.jpg 150w, https:\/\/www.megadoor.hu\/wp-content\/uploads\/2022\/10\/Hisense-Energy-SE-35-kW-1_-768x768.jpg 768w, https:\/\/www.megadoor.hu\/wp-content\/uploads\/2022\/10\/Hisense-Energy-SE-35-kW-1_-600x600.jpg 600w, https:\/\/www.megadoor.hu\/wp-content\/uploads\/2022\/10\/Hisense-Energy-SE-35-kW-1_-100x100.jpg 100w, https:\/\/www.megadoor.hu\/wp-content\/uploads\/2022\/10\/Hisense-Energy-SE-35-kW-1_.jpg 985w\" data-sizes=\"(max-width: 450px) 100vw, 450px\" title=\"\" src=\"data:image\/svg+xml;base64,PHN2ZyB3aWR0aD0iMSIgaGVpZ2h0PSIxIiB4bWxucz0iaHR0cDovL3d3dy53My5vcmcvMjAwMC9zdmciPjwvc3ZnPg==\" style=\"--smush-placeholder-width: 450px; --smush-placeholder-aspect-ratio: 450\/450;\"><h2 class=\"woocommerce-loop-product__title\">Hisense Energy SE 3,5 kW split kl\u00edma szett<\/h2>\n<\/a><div class=\"woocommerce-loop-product__buttons\"><a href=\"https:\/\/www.megadoor.hu\/index.php\/termek\/hisense-energy-se-35-kw-split-klima-szett\/\" aria-describedby=\"woocommerce_loop_add_to_cart_link_describedby_6314\" data-quantity=\"1\" class=\"button product_type_simple\" data-product_id=\"6314\" data-product_sku=\"KA35XR0E\" aria-label=\"&ldquo;Hisense Energy SE 3,5 kW split kl\u00edma szett&rdquo; term\u00e9kr\u0151l t\u00f6bb inform\u00e1ci\u00f3\" rel=\"nofollow\" data-success_message=\"\">MEGN\u00c9ZEM<\/a><\/div>\t<span id=\"woocommerce_loop_add_to_cart_link_describedby_6314\" class=\"screen-reader-text\">\n\t\t\t<\/span>\n<\/li>\n<li class=\"product type-product post-6250 status-publish first instock product_cat-klimak has-post-thumbnail shipping-taxable product-type-simple\">\n\t<a href=\"https:\/\/www.megadoor.hu\/index.php\/termek\/hisense-energy-pro-26\/\" class=\"woocommerce-LoopProduct-link woocommerce-loop-product__link\"><img decoding=\"async\" width=\"450\" height=\"450\" data-src=\"https:\/\/www.megadoor.hu\/wp-content\/uploads\/2022\/10\/Hisense-EnergySE-5-kW-2-copy-1-450x450.jpg\" class=\"attachment-woocommerce_thumbnail size-woocommerce_thumbnail lazyload\" alt=\"Hisense Energy Pro split kl\u00edma\" data-srcset=\"https:\/\/www.megadoor.hu\/wp-content\/uploads\/2022\/10\/Hisense-EnergySE-5-kW-2-copy-1-450x450.jpg 450w, https:\/\/www.megadoor.hu\/wp-content\/uploads\/2022\/10\/Hisense-EnergySE-5-kW-2-copy-1-300x300.jpg 300w, https:\/\/www.megadoor.hu\/wp-content\/uploads\/2022\/10\/Hisense-EnergySE-5-kW-2-copy-1-150x150.jpg 150w, https:\/\/www.megadoor.hu\/wp-content\/uploads\/2022\/10\/Hisense-EnergySE-5-kW-2-copy-1-768x768.jpg 768w, https:\/\/www.megadoor.hu\/wp-content\/uploads\/2022\/10\/Hisense-EnergySE-5-kW-2-copy-1-600x600.jpg 600w, https:\/\/www.megadoor.hu\/wp-content\/uploads\/2022\/10\/Hisense-EnergySE-5-kW-2-copy-1-100x100.jpg 100w, https:\/\/www.megadoor.hu\/wp-content\/uploads\/2022\/10\/Hisense-EnergySE-5-kW-2-copy-1.jpg 985w\" data-sizes=\"(max-width: 450px) 100vw, 450px\" title=\"\" src=\"data:image\/svg+xml;base64,PHN2ZyB3aWR0aD0iMSIgaGVpZ2h0PSIxIiB4bWxucz0iaHR0cDovL3d3dy53My5vcmcvMjAwMC9zdmciPjwvc3ZnPg==\" style=\"--smush-placeholder-width: 450px; --smush-placeholder-aspect-ratio: 450\/450;\"><h2 class=\"woocommerce-loop-product__title\">Hisense Energy Pro 2,6 kW split kl\u00edma<\/h2>\n<\/a><div class=\"woocommerce-loop-product__buttons\"><a href=\"https:\/\/www.megadoor.hu\/index.php\/termek\/hisense-energy-pro-26\/\" aria-describedby=\"woocommerce_loop_add_to_cart_link_describedby_6250\" data-quantity=\"1\" class=\"button product_type_simple\" data-product_id=\"6250\" data-product_sku=\"AST-09UW4RXVQE00\" aria-label=\"&ldquo;Hisense Energy Pro 2,6 kW split kl\u00edma&rdquo; term\u00e9kr\u0151l t\u00f6bb inform\u00e1ci\u00f3\" rel=\"nofollow\" data-success_message=\"\">MEGN\u00c9ZEM<\/a><\/div>\t<span id=\"woocommerce_loop_add_to_cart_link_describedby_6250\" class=\"screen-reader-text\">\n\t\t\t<\/span>\n<\/li>\n<\/ul>\n<\/div>\t\t\t\t<\/div>\n\t\t\t\t<\/div>\n\t\t\t\t\t<\/div>\n\t\t<\/div>\n\t\t\t\t\t<\/div>\n\t\t<\/section>\n\t\t\t\t<section class=\"elementor-section elementor-top-section elementor-element elementor-element-61ef4c79 elementor-section-stretched elementor-section-boxed elementor-section-height-default elementor-section-height-default\" data-id=\"61ef4c79\" data-element_type=\"section\" data-e-type=\"section\" data-settings=\"{&quot;stretch_section&quot;:&quot;section-stretched&quot;,&quot;background_background&quot;:&quot;classic&quot;,&quot;background_motion_fx_motion_fx_scrolling&quot;:&quot;yes&quot;,&quot;background_motion_fx_blur_effect&quot;:&quot;yes&quot;,&quot;background_motion_fx_blur_direction&quot;:&quot;in-out-in&quot;,&quot;background_motion_fx_blur_level&quot;:{&quot;unit&quot;:&quot;px&quot;,&quot;size&quot;:5,&quot;sizes&quot;:[]},&quot;background_motion_fx_blur_range&quot;:{&quot;unit&quot;:&quot;%&quot;,&quot;size&quot;:&quot;&quot;,&quot;sizes&quot;:{&quot;start&quot;:20,&quot;end&quot;:80}},&quot;background_motion_fx_devices&quot;:[&quot;desktop&quot;,&quot;tablet&quot;,&quot;mobile&quot;]}\">\n\t\t\t\t\t\t\t<div class=\"elementor-background-overlay\"><\/div>\n\t\t\t\t\t\t\t<div class=\"elementor-container elementor-column-gap-default\">\n\t\t\t\t\t<div class=\"elementor-column elementor-col-100 elementor-top-column elementor-element elementor-element-43a59eb4\" data-id=\"43a59eb4\" data-element_type=\"column\" data-e-type=\"column\">\n\t\t\t<div class=\"elementor-widget-wrap elementor-element-populated\">\n\t\t\t\t\t\t<div class=\"elementor-element elementor-element-7286ca53 elementor-invisible elementor-widget elementor-widget-heading\" data-id=\"7286ca53\" data-element_type=\"widget\" data-e-type=\"widget\" data-settings=\"{&quot;_animation&quot;:&quot;pulse&quot;,&quot;_animation_delay&quot;:200}\" data-widget_type=\"heading.default\">\n\t\t\t\t<div class=\"elementor-widget-container\">\n\t\t\t\t\t<h3 class=\"elementor-heading-title elementor-size-default\">Kl\u00edmaszerel\u00e9s Miskolcon \u00e9s vonz\u00e1sk\u00f6rzet\u00e9ben\n<\/h3>\t\t\t\t<\/div>\n\t\t\t\t<\/div>\n\t\t\t\t<div class=\"elementor-element elementor-element-7b329831 elementor-widget elementor-widget-text-editor\" data-id=\"7b329831\" data-element_type=\"widget\" data-e-type=\"widget\" data-widget_type=\"text-editor.default\">\n\t\t\t\t<div class=\"elementor-widget-container\">\n\t\t\t\t\t\t\t\t\t<p>B\u00edzza a kl\u00edmaszerel\u00e9st a megfelel\u0151 enged\u00e9llyel rendelkez\u0151<br \/>szakemberre!<\/p><p>Megrendel\u00e9st k\u00f6vet\u0151en r\u00f6vid hat\u00e1rid\u0151n bel\u00fcl elv\u00e9gezz\u00fck a munk\u00e1t.<br \/>Minden esetben felel\u0151ss\u00e9get v\u00e1llalunk az \u00e1ltalunk elv\u00e9gzett munk\u00e1\u00e9rt.<br \/>Az \u00e1ltalunk forgalmazott m\u00e1rk\u00e1k megb\u00edzhat\u00f3, min\u0151s\u00e9gi k\u00e9sz\u00fcl\u00e9kek,<br \/>sz\u00fcks\u00e9g eset\u00e9n megfelel\u0151 alkatr\u00e9sz ell\u00e1t\u00e1ssal.<\/p><p><strong>H\u00edvjon minket bizalommal!<\/strong><\/p>\t\t\t\t\t\t\t\t<\/div>\n\t\t\t\t<\/div>\n\t\t\t\t<div class=\"elementor-element elementor-element-6af4b72a elementor-invisible elementor-widget elementor-widget-heading\" data-id=\"6af4b72a\" data-element_type=\"widget\" data-e-type=\"widget\" data-settings=\"{&quot;_animation&quot;:&quot;pulse&quot;,&quot;_animation_delay&quot;:500}\" data-widget_type=\"heading.default\">\n\t\t\t\t<div class=\"elementor-widget-container\">\n\t\t\t\t\t<h4 class=\"elementor-heading-title elementor-size-default\">K\u00c9RJE EGYEDI AJ\u00c1NLATUNKAT!<\/h4>\t\t\t\t<\/div>\n\t\t\t\t<\/div>\n\t\t\t\t<div class=\"elementor-element elementor-element-38eb9817 elementor-align-center elementor-widget elementor-widget-button\" data-id=\"38eb9817\" data-element_type=\"widget\" data-e-type=\"widget\" data-widget_type=\"button.default\">\n\t\t\t\t<div class=\"elementor-widget-container\">\n\t\t\t\t\t\t\t\t\t<div class=\"elementor-button-wrapper\">\n\t\t\t\t\t<a class=\"elementor-button elementor-button-link elementor-size-sm\" href=\"https:\/\/www.megadoor.hu\/index.php\/elerhetosegeink\/\">\n\t\t\t\t\t\t<span class=\"elementor-button-content-wrapper\">\n\t\t\t\t\t\t\t\t\t<span class=\"elementor-button-text\">AJ\u00c1NLATOT K\u00c9REK<\/span>\n\t\t\t\t\t<\/span>\n\t\t\t\t\t<\/a>\n\t\t\t\t<\/div>\n\t\t\t\t\t\t\t\t<\/div>\n\t\t\t\t<\/div>\n\t\t\t\t\t<\/div>\n\t\t<\/div>\n\t\t\t\t\t<\/div>\n\t\t<\/section>\n\t\t\t\t<\/div>\n\t\t","protected":false},"excerpt":{"rendered":"<p>Kl\u00edmaszerel\u00e9s Miskolcon \u00e9s vonz\u00e1sk\u00f6rzet\u00e9ben B\u00edzza a kl\u00edmaszerel\u00e9st a megfelel\u0151 enged\u00e9llyel rendelkez\u0151szakemberre! Megrendel\u00e9st k\u00f6vet\u0151en r\u00f6vid hat\u00e1rid\u0151n bel\u00fcl elv\u00e9gezz\u00fck a munk\u00e1t.Minden esetben felel\u0151ss\u00e9get v\u00e1llalunk az \u00e1ltalunk elv\u00e9gzett munk\u00e1\u00e9rt.Az \u00e1ltalunk forgalmazott m\u00e1rk\u00e1k megb\u00edzhat\u00f3, min\u0151s\u00e9gi k\u00e9sz\u00fcl\u00e9kek,sz\u00fcks\u00e9g eset\u00e9n megfelel\u0151 alkatr\u00e9sz ell\u00e1t\u00e1ssal. H\u00edvjon minket bizalommal! K\u00c9RJE EGYEDI AJ\u00c1NLATUNKAT! AJ\u00c1NLATOT K\u00c9REK<\/p>\n","protected":false},"author":1,"featured_media":0,"parent":0,"menu_order":0,"comment_status":"closed","ping_status":"closed","template":"","meta":{"footnotes":""},"class_list":["post-6095","page","type-page","status-publish","hentry"],"_links":{"self":[{"href":"https:\/\/www.megadoor.hu\/index.php\/wp-json\/wp\/v2\/pages\/6095","targetHints":{"allow":["GET"]}}],"collection":[{"href":"https:\/\/www.megadoor.hu\/index.php\/wp-json\/wp\/v2\/pages"}],"about":[{"href":"https:\/\/www.megadoor.hu\/index.php\/wp-json\/wp\/v2\/types\/page"}],"author":[{"embeddable":true,"href":"https:\/\/www.megadoor.hu\/index.php\/wp-json\/wp\/v2\/users\/1"}],"replies":[{"embeddable":true,"href":"https:\/\/www.megadoor.hu\/index.php\/wp-json\/wp\/v2\/comments?post=6095"}],"version-history":[{"count":34,"href":"https:\/\/www.megadoor.hu\/index.php\/wp-json\/wp\/v2\/pages\/6095\/revisions"}],"predecessor-version":[{"id":6415,"href":"https:\/\/www.megadoor.hu\/index.php\/wp-json\/wp\/v2\/pages\/6095\/revisions\/6415"}],"wp:attachment":[{"href":"https:\/\/www.megadoor.hu\/index.php\/wp-json\/wp\/v2\/media?parent=6095"}],"curies":[{"name":"wp","href":"https:\/\/api.w.org\/{rel}","templated":true}]}}