{"id":46,"date":"2020-09-07T09:39:01","date_gmt":"2020-09-07T09:39:01","guid":{"rendered":"https:\/\/www.megadoor.hu\/?page_id=46"},"modified":"2020-09-28T13:02:55","modified_gmt":"2020-09-28T13:02:55","slug":"arnyekolorendszerek","status":"publish","type":"page","link":"https:\/\/www.megadoor.hu\/index.php\/arnyekolorendszerek\/","title":{"rendered":"\u00c1rny\u00e9kol\u00f3rendszerek"},"content":{"rendered":"\t\t<div data-elementor-type=\"wp-page\" data-elementor-id=\"46\" class=\"elementor elementor-46\" data-elementor-post-type=\"page\">\n\t\t\t\t\t\t<section class=\"elementor-section elementor-top-section elementor-element elementor-element-4326e324 elementor-section-stretched elementor-section-boxed elementor-section-height-default elementor-section-height-default\" data-id=\"4326e324\" data-element_type=\"section\" data-e-type=\"section\" data-settings=\"{&quot;stretch_section&quot;:&quot;section-stretched&quot;}\">\n\t\t\t\t\t\t<div class=\"elementor-container elementor-column-gap-default\">\n\t\t\t\t\t<div class=\"elementor-column elementor-col-33 elementor-top-column elementor-element elementor-element-7bea0cd\" data-id=\"7bea0cd\" data-element_type=\"column\" data-e-type=\"column\">\n\t\t\t<div class=\"elementor-widget-wrap elementor-element-populated\">\n\t\t\t\t\t\t<div class=\"elementor-element elementor-element-15e95c64 elementor-widget-divider--view-line elementor-widget elementor-widget-divider\" data-id=\"15e95c64\" data-element_type=\"widget\" data-e-type=\"widget\" data-widget_type=\"divider.default\">\n\t\t\t\t<div class=\"elementor-widget-container\">\n\t\t\t\t\t\t\t<div class=\"elementor-divider\">\n\t\t\t<span class=\"elementor-divider-separator\">\n\t\t\t\t\t\t<\/span>\n\t\t<\/div>\n\t\t\t\t\t\t<\/div>\n\t\t\t\t<\/div>\n\t\t\t\t\t<\/div>\n\t\t<\/div>\n\t\t\t\t<div class=\"elementor-column elementor-col-33 elementor-top-column elementor-element elementor-element-1e578e\" data-id=\"1e578e\" data-element_type=\"column\" data-e-type=\"column\">\n\t\t\t<div class=\"elementor-widget-wrap elementor-element-populated\">\n\t\t\t\t\t\t\t<\/div>\n\t\t<\/div>\n\t\t\t\t<div class=\"elementor-column elementor-col-33 elementor-top-column elementor-element elementor-element-f6a2f6e\" data-id=\"f6a2f6e\" data-element_type=\"column\" data-e-type=\"column\">\n\t\t\t<div class=\"elementor-widget-wrap elementor-element-populated\">\n\t\t\t\t\t\t<div class=\"elementor-element elementor-element-280e3fb1 elementor-widget-divider--view-line elementor-widget elementor-widget-divider\" data-id=\"280e3fb1\" data-element_type=\"widget\" data-e-type=\"widget\" data-widget_type=\"divider.default\">\n\t\t\t\t<div class=\"elementor-widget-container\">\n\t\t\t\t\t\t\t<div class=\"elementor-divider\">\n\t\t\t<span class=\"elementor-divider-separator\">\n\t\t\t\t\t\t<\/span>\n\t\t<\/div>\n\t\t\t\t\t\t<\/div>\n\t\t\t\t<\/div>\n\t\t\t\t\t<\/div>\n\t\t<\/div>\n\t\t\t\t\t<\/div>\n\t\t<\/section>\n\t\t\t\t<section class=\"elementor-section elementor-top-section elementor-element elementor-element-242e2195 elementor-section-stretched elementor-section-boxed elementor-section-height-default elementor-section-height-default\" data-id=\"242e2195\" data-element_type=\"section\" data-e-type=\"section\" data-settings=\"{&quot;stretch_section&quot;:&quot;section-stretched&quot;}\">\n\t\t\t\t\t\t<div class=\"elementor-container elementor-column-gap-default\">\n\t\t\t\t\t<div class=\"elementor-column elementor-col-100 elementor-top-column elementor-element elementor-element-5db89cca\" data-id=\"5db89cca\" data-element_type=\"column\" data-e-type=\"column\">\n\t\t\t<div class=\"elementor-widget-wrap elementor-element-populated\">\n\t\t\t\t\t\t<section class=\"elementor-section elementor-inner-section elementor-element elementor-element-19959b61 elementor-section-boxed elementor-section-height-default elementor-section-height-default\" data-id=\"19959b61\" data-element_type=\"section\" data-e-type=\"section\">\n\t\t\t\t\t\t<div class=\"elementor-container elementor-column-gap-default\">\n\t\t\t\t\t<div class=\"elementor-column elementor-col-50 elementor-inner-column elementor-element elementor-element-34b93a35 elementor-invisible\" data-id=\"34b93a35\" data-element_type=\"column\" data-e-type=\"column\" data-settings=\"{&quot;background_background&quot;:&quot;classic&quot;,&quot;animation&quot;:&quot;fadeInUp&quot;}\">\n\t\t\t<div class=\"elementor-widget-wrap elementor-element-populated\">\n\t\t\t\t\t\t<div class=\"elementor-element elementor-element-43ae8e78 elementor-widget elementor-widget-image\" data-id=\"43ae8e78\" data-element_type=\"widget\" data-e-type=\"widget\" data-settings=\"{&quot;_animation&quot;:&quot;none&quot;}\" data-widget_type=\"image.default\">\n\t\t\t\t<div class=\"elementor-widget-container\">\n\t\t\t\t\t\t\t\t\t\t\t\t\t\t\t<img fetchpriority=\"high\" decoding=\"async\" width=\"580\" height=\"591\" src=\"https:\/\/www.megadoor.hu\/wp-content\/uploads\/2020\/09\/Group-235@2x.png\" class=\"elementor-animation-grow attachment-large size-large wp-image-381\" alt=\"\" srcset=\"https:\/\/www.megadoor.hu\/wp-content\/uploads\/2020\/09\/Group-235@2x.png 716w, https:\/\/www.megadoor.hu\/wp-content\/uploads\/2020\/09\/Group-235@2x-450x459.png 450w, https:\/\/www.megadoor.hu\/wp-content\/uploads\/2020\/09\/Group-235@2x-600x612.png 600w, https:\/\/www.megadoor.hu\/wp-content\/uploads\/2020\/09\/Group-235@2x-294x300.png 294w\" sizes=\"(max-width: 580px) 100vw, 580px\" title=\"\">\t\t\t\t\t\t\t\t\t\t\t\t\t\t\t<\/div>\n\t\t\t\t<\/div>\n\t\t\t\t<div class=\"elementor-element elementor-element-6c74e49b elementor-widget elementor-widget-heading\" data-id=\"6c74e49b\" data-element_type=\"widget\" data-e-type=\"widget\" data-widget_type=\"heading.default\">\n\t\t\t\t<div class=\"elementor-widget-container\">\n\t\t\t\t\t<h5 class=\"elementor-heading-title elementor-size-default\">Red\u0151ny\u00f6k<\/h5>\t\t\t\t<\/div>\n\t\t\t\t<\/div>\n\t\t\t\t<div class=\"elementor-element elementor-element-180d531e elementor-widget elementor-widget-text-editor\" data-id=\"180d531e\" data-element_type=\"widget\" data-e-type=\"widget\" data-widget_type=\"text-editor.default\">\n\t\t\t\t<div class=\"elementor-widget-container\">\n\t\t\t\t\t\t\t\t\t<p>A c\u00e9g\u00fcnk \u00e1ltal forgalmazott red\u0151ny\u00f6k a legk\u00fcl\u00f6nf\u00e9l\u00e9bb ig\u00e9nyeknek is megfelelnek. T\u00f6k\u00e9letes h\u0151, f\u00e9ny \u00e9s hangszigetel\u0151k, eszt\u00e9tikus kivitel\u0171ek.<\/p>\t\t\t\t\t\t\t\t<\/div>\n\t\t\t\t<\/div>\n\t\t\t\t<div class=\"elementor-element elementor-element-597adc4e elementor-widget elementor-widget-button\" data-id=\"597adc4e\" data-element_type=\"widget\" data-e-type=\"widget\" data-widget_type=\"button.default\">\n\t\t\t\t<div class=\"elementor-widget-container\">\n\t\t\t\t\t\t\t\t\t<div class=\"elementor-button-wrapper\">\n\t\t\t\t\t<a class=\"elementor-button elementor-button-link elementor-size-sm\" href=\"https:\/\/www.megadoor.hu\/index.php\/redonyok\/\">\n\t\t\t\t\t\t<span class=\"elementor-button-content-wrapper\">\n\t\t\t\t\t\t\t\t\t<span class=\"elementor-button-text\">B\u0150VEBBEN<\/span>\n\t\t\t\t\t<\/span>\n\t\t\t\t\t<\/a>\n\t\t\t\t<\/div>\n\t\t\t\t\t\t\t\t<\/div>\n\t\t\t\t<\/div>\n\t\t\t\t\t<\/div>\n\t\t<\/div>\n\t\t\t\t<div class=\"elementor-column elementor-col-50 elementor-inner-column elementor-element elementor-element-45de67d1 elementor-invisible\" data-id=\"45de67d1\" data-element_type=\"column\" data-e-type=\"column\" data-settings=\"{&quot;background_background&quot;:&quot;classic&quot;,&quot;animation&quot;:&quot;fadeInUp&quot;}\">\n\t\t\t<div class=\"elementor-widget-wrap elementor-element-populated\">\n\t\t\t\t\t\t<div class=\"elementor-element elementor-element-360f6caf elementor-widget elementor-widget-image\" data-id=\"360f6caf\" data-element_type=\"widget\" data-e-type=\"widget\" data-widget_type=\"image.default\">\n\t\t\t\t<div class=\"elementor-widget-container\">\n\t\t\t\t\t\t\t\t\t\t\t\t\t\t\t<img decoding=\"async\" width=\"580\" height=\"676\" data-src=\"https:\/\/www.megadoor.hu\/wp-content\/uploads\/2020\/09\/Feher-rolos-szunyoghalo-1.@2x.png\" class=\"elementor-animation-grow attachment-large size-large wp-image-382 lazyload\" alt=\"\" data-srcset=\"https:\/\/www.megadoor.hu\/wp-content\/uploads\/2020\/09\/Feher-rolos-szunyoghalo-1.@2x.png 714w, https:\/\/www.megadoor.hu\/wp-content\/uploads\/2020\/09\/Feher-rolos-szunyoghalo-1.@2x-450x524.png 450w, https:\/\/www.megadoor.hu\/wp-content\/uploads\/2020\/09\/Feher-rolos-szunyoghalo-1.@2x-600x699.png 600w, https:\/\/www.megadoor.hu\/wp-content\/uploads\/2020\/09\/Feher-rolos-szunyoghalo-1.@2x-257x300.png 257w\" data-sizes=\"(max-width: 580px) 100vw, 580px\" title=\"\" src=\"data:image\/svg+xml;base64,PHN2ZyB3aWR0aD0iMSIgaGVpZ2h0PSIxIiB4bWxucz0iaHR0cDovL3d3dy53My5vcmcvMjAwMC9zdmciPjwvc3ZnPg==\" style=\"--smush-placeholder-width: 580px; --smush-placeholder-aspect-ratio: 580\/676;\">\t\t\t\t\t\t\t\t\t\t\t\t\t\t\t<\/div>\n\t\t\t\t<\/div>\n\t\t\t\t<div class=\"elementor-element elementor-element-63eb798c elementor-widget elementor-widget-heading\" data-id=\"63eb798c\" data-element_type=\"widget\" data-e-type=\"widget\" data-widget_type=\"heading.default\">\n\t\t\t\t<div class=\"elementor-widget-container\">\n\t\t\t\t\t<h5 class=\"elementor-heading-title elementor-size-default\">Sz\u00fanyogh\u00e1l\u00f3k<\/h5>\t\t\t\t<\/div>\n\t\t\t\t<\/div>\n\t\t\t\t<div class=\"elementor-element elementor-element-59c71162 elementor-widget elementor-widget-text-editor\" data-id=\"59c71162\" data-element_type=\"widget\" data-e-type=\"widget\" data-widget_type=\"text-editor.default\">\n\t\t\t\t<div class=\"elementor-widget-container\">\n\t\t\t\t\t\t\t\t\t<p>A sz\u00fanyogh\u00e1l\u00f3k ma m\u00e1r szinte n\u00e9lk\u00fcl\u00f6zhetetlen tartoz\u00e9kai minden lak\u00e1snak, nyaral\u00f3nak.<\/p>\t\t\t\t\t\t\t\t<\/div>\n\t\t\t\t<\/div>\n\t\t\t\t<div class=\"elementor-element elementor-element-648ecbdb elementor-widget elementor-widget-button\" data-id=\"648ecbdb\" data-element_type=\"widget\" data-e-type=\"widget\" data-widget_type=\"button.default\">\n\t\t\t\t<div class=\"elementor-widget-container\">\n\t\t\t\t\t\t\t\t\t<div class=\"elementor-button-wrapper\">\n\t\t\t\t\t<a class=\"elementor-button elementor-button-link elementor-size-sm\" href=\"https:\/\/www.megadoor.hu\/index.php\/szunyoghalok\/\">\n\t\t\t\t\t\t<span class=\"elementor-button-content-wrapper\">\n\t\t\t\t\t\t\t\t\t<span class=\"elementor-button-text\">B\u0150VEBBEN<\/span>\n\t\t\t\t\t<\/span>\n\t\t\t\t\t<\/a>\n\t\t\t\t<\/div>\n\t\t\t\t\t\t\t\t<\/div>\n\t\t\t\t<\/div>\n\t\t\t\t\t<\/div>\n\t\t<\/div>\n\t\t\t\t\t<\/div>\n\t\t<\/section>\n\t\t\t\t\t<\/div>\n\t\t<\/div>\n\t\t\t\t\t<\/div>\n\t\t<\/section>\n\t\t\t\t<section class=\"elementor-section elementor-top-section elementor-element elementor-element-306e3fd2 elementor-section-stretched elementor-section-boxed elementor-section-height-default elementor-section-height-default\" data-id=\"306e3fd2\" data-element_type=\"section\" data-e-type=\"section\" data-settings=\"{&quot;stretch_section&quot;:&quot;section-stretched&quot;,&quot;background_background&quot;:&quot;classic&quot;}\">\n\t\t\t\t\t\t\t<div class=\"elementor-background-overlay\"><\/div>\n\t\t\t\t\t\t\t<div class=\"elementor-container elementor-column-gap-default\">\n\t\t\t\t\t<div class=\"elementor-column elementor-col-100 elementor-top-column elementor-element elementor-element-2e97a117\" data-id=\"2e97a117\" data-element_type=\"column\" data-e-type=\"column\">\n\t\t\t<div class=\"elementor-widget-wrap elementor-element-populated\">\n\t\t\t\t\t\t<div class=\"elementor-element elementor-element-5cccc0eb elementor-invisible elementor-widget elementor-widget-heading\" data-id=\"5cccc0eb\" data-element_type=\"widget\" data-e-type=\"widget\" data-settings=\"{&quot;_animation&quot;:&quot;pulse&quot;,&quot;_animation_delay&quot;:200}\" data-widget_type=\"heading.default\">\n\t\t\t\t<div class=\"elementor-widget-container\">\n\t\t\t\t\t<h3 class=\"elementor-heading-title elementor-size-default\">A st\u00edlusos bels\u0151 t\u00e9r kialak\u00edt\u00e1s\u00e1hoz!<\/h3>\t\t\t\t<\/div>\n\t\t\t\t<\/div>\n\t\t\t\t<div class=\"elementor-element elementor-element-498b7a07 elementor-widget elementor-widget-text-editor\" data-id=\"498b7a07\" data-element_type=\"widget\" data-e-type=\"widget\" data-widget_type=\"text-editor.default\">\n\t\t\t\t<div class=\"elementor-widget-container\">\n\t\t\t\t\t\t\t\t\t<p>A sz\u00e9les m\u00e9retv\u00e1laszt\u00e9kban k\u00e9rhet\u0151 ajt\u00f3lap, valamint a k\u00fcl\u00f6nb\u00f6z\u0151 falvastags\u00e1gokhoz egyedileg rendelhet\u0151 tok biztos\u00edtja a t\u00f6k\u00e9letes v\u00e1laszt\u00e1s lehet\u0151s\u00e9g\u00e9t.\u00a0\u00a0<\/p>\t\t\t\t\t\t\t\t<\/div>\n\t\t\t\t<\/div>\n\t\t\t\t<div class=\"elementor-element elementor-element-2312c975 elementor-invisible elementor-widget elementor-widget-heading\" data-id=\"2312c975\" data-element_type=\"widget\" data-e-type=\"widget\" data-settings=\"{&quot;_animation&quot;:&quot;pulse&quot;,&quot;_animation_delay&quot;:500}\" data-widget_type=\"heading.default\">\n\t\t\t\t<div class=\"elementor-widget-container\">\n\t\t\t\t\t<h4 class=\"elementor-heading-title elementor-size-default\">K\u00c9RJE EGYEDI AJ\u00c1NLATUNKAT!<\/h4>\t\t\t\t<\/div>\n\t\t\t\t<\/div>\n\t\t\t\t<div class=\"elementor-element elementor-element-df41cb3 elementor-align-center elementor-widget elementor-widget-button\" data-id=\"df41cb3\" data-element_type=\"widget\" data-e-type=\"widget\" data-widget_type=\"button.default\">\n\t\t\t\t<div class=\"elementor-widget-container\">\n\t\t\t\t\t\t\t\t\t<div class=\"elementor-button-wrapper\">\n\t\t\t\t\t<a class=\"elementor-button elementor-button-link elementor-size-sm\" href=\"https:\/\/www.megadoor.hu\/index.php\/elerhetosegeink\/\">\n\t\t\t\t\t\t<span class=\"elementor-button-content-wrapper\">\n\t\t\t\t\t\t\t\t\t<span class=\"elementor-button-text\">AJ\u00c1NLATOT K\u00c9REK<\/span>\n\t\t\t\t\t<\/span>\n\t\t\t\t\t<\/a>\n\t\t\t\t<\/div>\n\t\t\t\t\t\t\t\t<\/div>\n\t\t\t\t<\/div>\n\t\t\t\t\t<\/div>\n\t\t<\/div>\n\t\t\t\t\t<\/div>\n\t\t<\/section>\n\t\t\t\t<\/div>\n\t\t","protected":false},"excerpt":{"rendered":"<p>Red\u0151ny\u00f6k A c\u00e9g\u00fcnk \u00e1ltal forgalmazott red\u0151ny\u00f6k a legk\u00fcl\u00f6nf\u00e9l\u00e9bb ig\u00e9nyeknek is megfelelnek. T\u00f6k\u00e9letes h\u0151, f\u00e9ny \u00e9s hangszigetel\u0151k, eszt\u00e9tikus kivitel\u0171ek. B\u0150VEBBEN Sz\u00fanyogh\u00e1l\u00f3k A sz\u00fanyogh\u00e1l\u00f3k ma m\u00e1r szinte n\u00e9lk\u00fcl\u00f6zhetetlen tartoz\u00e9kai minden lak\u00e1snak, nyaral\u00f3nak. B\u0150VEBBEN A st\u00edlusos bels\u0151 t\u00e9r kialak\u00edt\u00e1s\u00e1hoz! A sz\u00e9les m\u00e9retv\u00e1laszt\u00e9kban k\u00e9rhet\u0151 ajt\u00f3lap, valamint a k\u00fcl\u00f6nb\u00f6z\u0151 falvastags\u00e1gokhoz egyedileg rendelhet\u0151 tok biztos\u00edtja a t\u00f6k\u00e9letes v\u00e1laszt\u00e1s lehet\u0151s\u00e9g\u00e9t.&nbsp;&nbsp; K\u00c9RJE EGYEDI [&hellip;]<\/p>\n","protected":false},"author":1,"featured_media":0,"parent":0,"menu_order":0,"comment_status":"closed","ping_status":"closed","template":"","meta":{"footnotes":""},"class_list":["post-46","page","type-page","status-publish","hentry"],"_links":{"self":[{"href":"https:\/\/www.megadoor.hu\/index.php\/wp-json\/wp\/v2\/pages\/46","targetHints":{"allow":["GET"]}}],"collection":[{"href":"https:\/\/www.megadoor.hu\/index.php\/wp-json\/wp\/v2\/pages"}],"about":[{"href":"https:\/\/www.megadoor.hu\/index.php\/wp-json\/wp\/v2\/types\/page"}],"author":[{"embeddable":true,"href":"https:\/\/www.megadoor.hu\/index.php\/wp-json\/wp\/v2\/users\/1"}],"replies":[{"embeddable":true,"href":"https:\/\/www.megadoor.hu\/index.php\/wp-json\/wp\/v2\/comments?post=46"}],"version-history":[{"count":15,"href":"https:\/\/www.megadoor.hu\/index.php\/wp-json\/wp\/v2\/pages\/46\/revisions"}],"predecessor-version":[{"id":1449,"href":"https:\/\/www.megadoor.hu\/index.php\/wp-json\/wp\/v2\/pages\/46\/revisions\/1449"}],"wp:attachment":[{"href":"https:\/\/www.megadoor.hu\/index.php\/wp-json\/wp\/v2\/media?parent=46"}],"curies":[{"name":"wp","href":"https:\/\/api.w.org\/{rel}","templated":true}]}}