{"id":44,"date":"2020-09-07T09:38:23","date_gmt":"2020-09-07T09:38:23","guid":{"rendered":"https:\/\/www.megadoor.hu\/?page_id=44"},"modified":"2020-09-28T13:16:28","modified_gmt":"2020-09-28T13:16:28","slug":"muanyag-nyilaszarok","status":"publish","type":"page","link":"https:\/\/www.megadoor.hu\/index.php\/muanyag-nyilaszarok\/","title":{"rendered":"M\u0171anyag ny\u00edl\u00e1sz\u00e1r\u00f3k"},"content":{"rendered":"\t\t<div data-elementor-type=\"wp-page\" data-elementor-id=\"44\" class=\"elementor elementor-44\" data-elementor-post-type=\"page\">\n\t\t\t\t\t\t<section class=\"elementor-section elementor-top-section elementor-element elementor-element-62bc6198 elementor-section-stretched elementor-section-boxed elementor-section-height-default elementor-section-height-default\" data-id=\"62bc6198\" data-element_type=\"section\" data-e-type=\"section\" id=\"nyilaszaro\" data-settings=\"{&quot;stretch_section&quot;:&quot;section-stretched&quot;}\">\n\t\t\t\t\t\t<div class=\"elementor-container elementor-column-gap-default\">\n\t\t\t\t\t<div class=\"elementor-column elementor-col-33 elementor-top-column elementor-element elementor-element-61f8dfe8\" data-id=\"61f8dfe8\" data-element_type=\"column\" data-e-type=\"column\">\n\t\t\t<div class=\"elementor-widget-wrap elementor-element-populated\">\n\t\t\t\t\t\t<div class=\"elementor-element elementor-element-46f14e9c elementor-widget-divider--view-line elementor-widget elementor-widget-divider\" data-id=\"46f14e9c\" data-element_type=\"widget\" data-e-type=\"widget\" data-widget_type=\"divider.default\">\n\t\t\t\t<div class=\"elementor-widget-container\">\n\t\t\t\t\t\t\t<div class=\"elementor-divider\">\n\t\t\t<span class=\"elementor-divider-separator\">\n\t\t\t\t\t\t<\/span>\n\t\t<\/div>\n\t\t\t\t\t\t<\/div>\n\t\t\t\t<\/div>\n\t\t\t\t\t<\/div>\n\t\t<\/div>\n\t\t\t\t<div class=\"elementor-column elementor-col-33 elementor-top-column elementor-element elementor-element-444a85e2\" data-id=\"444a85e2\" data-element_type=\"column\" data-e-type=\"column\">\n\t\t\t<div class=\"elementor-widget-wrap elementor-element-populated\">\n\t\t\t\t\t\t\t<\/div>\n\t\t<\/div>\n\t\t\t\t<div class=\"elementor-column elementor-col-33 elementor-top-column elementor-element elementor-element-1de5df9c\" data-id=\"1de5df9c\" data-element_type=\"column\" data-e-type=\"column\">\n\t\t\t<div class=\"elementor-widget-wrap elementor-element-populated\">\n\t\t\t\t\t\t<div class=\"elementor-element elementor-element-418e721e elementor-widget-divider--view-line elementor-widget elementor-widget-divider\" data-id=\"418e721e\" data-element_type=\"widget\" data-e-type=\"widget\" data-widget_type=\"divider.default\">\n\t\t\t\t<div class=\"elementor-widget-container\">\n\t\t\t\t\t\t\t<div class=\"elementor-divider\">\n\t\t\t<span class=\"elementor-divider-separator\">\n\t\t\t\t\t\t<\/span>\n\t\t<\/div>\n\t\t\t\t\t\t<\/div>\n\t\t\t\t<\/div>\n\t\t\t\t\t<\/div>\n\t\t<\/div>\n\t\t\t\t\t<\/div>\n\t\t<\/section>\n\t\t\t\t<section class=\"elementor-section elementor-top-section elementor-element elementor-element-0528775 elementor-section-stretched elementor-section-boxed elementor-section-height-default elementor-section-height-default\" data-id=\"0528775\" data-element_type=\"section\" data-e-type=\"section\" data-settings=\"{&quot;stretch_section&quot;:&quot;section-stretched&quot;}\">\n\t\t\t\t\t\t<div class=\"elementor-container elementor-column-gap-default\">\n\t\t\t\t\t<div class=\"elementor-column elementor-col-50 elementor-top-column elementor-element elementor-element-13e3487\" data-id=\"13e3487\" data-element_type=\"column\" data-e-type=\"column\">\n\t\t\t<div class=\"elementor-widget-wrap elementor-element-populated\">\n\t\t\t\t\t\t<div class=\"elementor-element elementor-element-2bbf6fb elementor-widget elementor-widget-heading\" data-id=\"2bbf6fb\" data-element_type=\"widget\" data-e-type=\"widget\" data-widget_type=\"heading.default\">\n\t\t\t\t<div class=\"elementor-widget-container\">\n\t\t\t\t\t<h5 class=\"elementor-heading-title elementor-size-default\">K\u00d6MMERLING Pr\u00e9mium 76 AD profil<\/h5>\t\t\t\t<\/div>\n\t\t\t\t<\/div>\n\t\t\t\t<div class=\"elementor-element elementor-element-cda79c7 elementor-widget elementor-widget-text-editor\" data-id=\"cda79c7\" data-element_type=\"widget\" data-e-type=\"widget\" data-widget_type=\"text-editor.default\">\n\t\t\t\t<div class=\"elementor-widget-container\">\n\t\t\t\t\t\t\t\t\t<p>A Pr\u00e9mium 76 AD az \u00f6t darab l\u00e9gkamr\u00e1s profilrendszer\u00e9vel Magyarorsz\u00e1g \u00e9ghajlati viszonyainak megfelel\u0151en a legoptim\u00e1lisabb v\u00e1laszt\u00e1s. A stabil, massz\u00edv fel\u00e9p\u00edt\u00e9s\u00e9nek k\u00f6sz\u00f6nhet\u0151en igaz\u00e1n kimagasl\u00f3 m\u0171k\u00f6d\u00e9st garant\u00e1l. A profilrendszer k\u00fcl\u00f6nb\u00f6z\u0151 egyedi m\u00f3don kialak\u00edtott \u00e1rny\u00e9kol\u00e1stechnikai elemekkel \u2013 red\u0151ny, rovarh\u00e1l\u00f3 \u2013 t\u00f6k\u00e9letesen egybe\u00e9p\u00edthet\u0151.<\/p><p><strong>Jellemz\u0151i:<\/strong><br \/>&#8211; h\u0151\u00e1tbocs\u00e1t\u00e1s: Uf 1,1 W\/m2K<br \/>&#8211; \u00fcvegez\u00e9s: Ug 1,0 W\/m2K vagy 0,6 W\/m2K<br \/>&#8211; m\u00e9lys\u00e9ge: 76 mm<br \/>&#8211; l\u00e9gkamr\u00e1k sz\u00e1ma: 5 db<br \/>&#8211; profil alapsz\u00edne: selyemf\u00e9ny\u0171 feh\u00e9r<br \/>&#8211; vasalat: GU Unijet<br \/>&#8211; gumit\u00f6m\u00edt\u00e9s: pap\u00edruszfeh\u00e9r<\/p>\t\t\t\t\t\t\t\t<\/div>\n\t\t\t\t<\/div>\n\t\t\t\t\t<\/div>\n\t\t<\/div>\n\t\t\t\t<div class=\"elementor-column elementor-col-50 elementor-top-column elementor-element elementor-element-bdaa955\" data-id=\"bdaa955\" data-element_type=\"column\" data-e-type=\"column\">\n\t\t\t<div class=\"elementor-widget-wrap elementor-element-populated\">\n\t\t\t\t\t\t<div class=\"elementor-element elementor-element-84b4165 elementor-arrows-position-outside elementor-widget elementor-widget-image-carousel\" data-id=\"84b4165\" data-element_type=\"widget\" data-e-type=\"widget\" data-settings=\"{&quot;slides_to_show&quot;:&quot;1&quot;,&quot;navigation&quot;:&quot;arrows&quot;,&quot;autoplay&quot;:&quot;yes&quot;,&quot;pause_on_hover&quot;:&quot;yes&quot;,&quot;pause_on_interaction&quot;:&quot;yes&quot;,&quot;autoplay_speed&quot;:5000,&quot;infinite&quot;:&quot;yes&quot;,&quot;effect&quot;:&quot;slide&quot;,&quot;speed&quot;:500}\" data-widget_type=\"image-carousel.default\">\n\t\t\t\t<div class=\"elementor-widget-container\">\n\t\t\t\t\t\t\t<div class=\"elementor-image-carousel-wrapper swiper\" role=\"region\" aria-roledescription=\"carousel\" aria-label=\"K\u00e9p k\u00f6rhinta\" dir=\"ltr\">\n\t\t\t<div class=\"elementor-image-carousel swiper-wrapper\" aria-live=\"off\">\n\t\t\t\t\t\t\t\t<div class=\"swiper-slide\" role=\"group\" aria-roledescription=\"slide\" aria-label=\"1 \/ 3\"><figure class=\"swiper-slide-inner\"><img decoding=\"async\" class=\"swiper-slide-image lazyload\" data-src=\"https:\/\/www.megadoor.hu\/wp-content\/uploads\/elementor\/thumbs\/kommerling-Premium-76-AD-muanyag-ablak-ov6e4vn1bwr8s6dkuzh9oht5jjh1xvj1whmjaahq0w.jpg\" alt=\"kommerling-Premium-76-AD-muanyag-ablak\" title=\"\" src=\"data:image\/svg+xml;base64,PHN2ZyB3aWR0aD0iMSIgaGVpZ2h0PSIxIiB4bWxucz0iaHR0cDovL3d3dy53My5vcmcvMjAwMC9zdmciPjwvc3ZnPg==\" style=\"--smush-placeholder-width: 427px; --smush-placeholder-aspect-ratio: 427\/500;\"><\/figure><\/div><div class=\"swiper-slide\" role=\"group\" aria-roledescription=\"slide\" aria-label=\"2 \/ 3\"><figure class=\"swiper-slide-inner\"><img decoding=\"async\" class=\"swiper-slide-image lazyload\" data-src=\"https:\/\/www.megadoor.hu\/wp-content\/uploads\/elementor\/thumbs\/kommerling-76AD-profil-ov6e4up752pygkey0h2n401oy5loq6fbkcz1t0j474.jpg\" alt=\"kommerling-76AD-profil\" title=\"\" src=\"data:image\/svg+xml;base64,PHN2ZyB3aWR0aD0iMSIgaGVpZ2h0PSIxIiB4bWxucz0iaHR0cDovL3d3dy53My5vcmcvMjAwMC9zdmciPjwvc3ZnPg==\" style=\"--smush-placeholder-width: 455px; --smush-placeholder-aspect-ratio: 455\/500;\"><\/figure><\/div><div class=\"swiper-slide\" role=\"group\" aria-roledescription=\"slide\" aria-label=\"3 \/ 3\"><figure class=\"swiper-slide-inner\"><img decoding=\"async\" class=\"swiper-slide-image lazyload\" data-src=\"https:\/\/www.megadoor.hu\/wp-content\/uploads\/elementor\/thumbs\/kommerling-76-2-ov6e4up752pygkey0h2n401oy5loq6fbkcz1t0j474.jpg\" alt=\"kommerling-76-2\" title=\"\" src=\"data:image\/svg+xml;base64,PHN2ZyB3aWR0aD0iMSIgaGVpZ2h0PSIxIiB4bWxucz0iaHR0cDovL3d3dy53My5vcmcvMjAwMC9zdmciPjwvc3ZnPg==\" style=\"--smush-placeholder-width: 375px; --smush-placeholder-aspect-ratio: 375\/500;\"><\/figure><\/div>\t\t\t<\/div>\n\t\t\t\t\t\t\t\t\t\t\t\t<div class=\"elementor-swiper-button elementor-swiper-button-prev\" role=\"button\" tabindex=\"0\">\n\t\t\t\t\t\t<i aria-hidden=\"true\" class=\"eicon-chevron-left\"><\/i>\t\t\t\t\t<\/div>\n\t\t\t\t\t<div class=\"elementor-swiper-button elementor-swiper-button-next\" role=\"button\" tabindex=\"0\">\n\t\t\t\t\t\t<i aria-hidden=\"true\" class=\"eicon-chevron-right\"><\/i>\t\t\t\t\t<\/div>\n\t\t\t\t\n\t\t\t\t\t\t\t\t\t<\/div>\n\t\t\t\t\t\t<\/div>\n\t\t\t\t<\/div>\n\t\t\t\t\t<\/div>\n\t\t<\/div>\n\t\t\t\t\t<\/div>\n\t\t<\/section>\n\t\t\t\t<section class=\"elementor-section elementor-top-section elementor-element elementor-element-10bd9fb elementor-section-stretched elementor-section-boxed elementor-section-height-default elementor-section-height-default\" data-id=\"10bd9fb\" data-element_type=\"section\" data-e-type=\"section\" data-settings=\"{&quot;stretch_section&quot;:&quot;section-stretched&quot;,&quot;background_background&quot;:&quot;classic&quot;}\">\n\t\t\t\t\t\t\t<div class=\"elementor-background-overlay\"><\/div>\n\t\t\t\t\t\t\t<div class=\"elementor-container elementor-column-gap-default\">\n\t\t\t\t\t<div class=\"elementor-column elementor-col-100 elementor-top-column elementor-element elementor-element-38a57d3d\" data-id=\"38a57d3d\" data-element_type=\"column\" data-e-type=\"column\">\n\t\t\t<div class=\"elementor-widget-wrap elementor-element-populated\">\n\t\t\t\t\t\t<div class=\"elementor-element elementor-element-6ebd7c7 elementor-invisible elementor-widget elementor-widget-heading\" data-id=\"6ebd7c7\" data-element_type=\"widget\" data-e-type=\"widget\" data-settings=\"{&quot;_animation&quot;:&quot;pulse&quot;,&quot;_animation_delay&quot;:200}\" data-widget_type=\"heading.default\">\n\t\t\t\t<div class=\"elementor-widget-container\">\n\t\t\t\t\t<h3 class=\"elementor-heading-title elementor-size-default\">A st\u00edlusos bels\u0151 t\u00e9r kialak\u00edt\u00e1s\u00e1hoz!<\/h3>\t\t\t\t<\/div>\n\t\t\t\t<\/div>\n\t\t\t\t<div class=\"elementor-element elementor-element-4b85a049 elementor-widget elementor-widget-text-editor\" data-id=\"4b85a049\" data-element_type=\"widget\" data-e-type=\"widget\" data-widget_type=\"text-editor.default\">\n\t\t\t\t<div class=\"elementor-widget-container\">\n\t\t\t\t\t\t\t\t\t<p>A sz\u00e9les m\u00e9retv\u00e1laszt\u00e9kban k\u00e9rhet\u0151 ajt\u00f3lap, valamint a k\u00fcl\u00f6nb\u00f6z\u0151 falvastags\u00e1gokhoz egyedileg rendelhet\u0151 tok biztos\u00edtja a t\u00f6k\u00e9letes v\u00e1laszt\u00e1s lehet\u0151s\u00e9g\u00e9t.\u00a0\u00a0<\/p>\t\t\t\t\t\t\t\t<\/div>\n\t\t\t\t<\/div>\n\t\t\t\t<div class=\"elementor-element elementor-element-165ba09d elementor-invisible elementor-widget elementor-widget-heading\" data-id=\"165ba09d\" data-element_type=\"widget\" data-e-type=\"widget\" data-settings=\"{&quot;_animation&quot;:&quot;pulse&quot;,&quot;_animation_delay&quot;:500}\" data-widget_type=\"heading.default\">\n\t\t\t\t<div class=\"elementor-widget-container\">\n\t\t\t\t\t<h4 class=\"elementor-heading-title elementor-size-default\">K\u00c9RJE EGYEDI AJ\u00c1NLATUNKAT!<\/h4>\t\t\t\t<\/div>\n\t\t\t\t<\/div>\n\t\t\t\t<div class=\"elementor-element elementor-element-6e743cad elementor-align-center elementor-widget elementor-widget-button\" data-id=\"6e743cad\" data-element_type=\"widget\" data-e-type=\"widget\" data-widget_type=\"button.default\">\n\t\t\t\t<div class=\"elementor-widget-container\">\n\t\t\t\t\t\t\t\t\t<div class=\"elementor-button-wrapper\">\n\t\t\t\t\t<a class=\"elementor-button elementor-button-link elementor-size-sm\" href=\"https:\/\/www.megadoor.hu\/index.php\/elerhetosegeink\/\">\n\t\t\t\t\t\t<span class=\"elementor-button-content-wrapper\">\n\t\t\t\t\t\t\t\t\t<span class=\"elementor-button-text\">AJ\u00c1NLATOT K\u00c9REK<\/span>\n\t\t\t\t\t<\/span>\n\t\t\t\t\t<\/a>\n\t\t\t\t<\/div>\n\t\t\t\t\t\t\t\t<\/div>\n\t\t\t\t<\/div>\n\t\t\t\t\t<\/div>\n\t\t<\/div>\n\t\t\t\t\t<\/div>\n\t\t<\/section>\n\t\t\t\t<\/div>\n\t\t","protected":false},"excerpt":{"rendered":"<p>K\u00d6MMERLING Pr\u00e9mium 76 AD profil A Pr\u00e9mium 76 AD az \u00f6t darab l\u00e9gkamr\u00e1s profilrendszer\u00e9vel Magyarorsz\u00e1g \u00e9ghajlati viszonyainak megfelel\u0151en a legoptim\u00e1lisabb v\u00e1laszt\u00e1s. A stabil, massz\u00edv fel\u00e9p\u00edt\u00e9s\u00e9nek k\u00f6sz\u00f6nhet\u0151en igaz\u00e1n kimagasl\u00f3 m\u0171k\u00f6d\u00e9st garant\u00e1l. A profilrendszer k\u00fcl\u00f6nb\u00f6z\u0151 egyedi m\u00f3don kialak\u00edtott \u00e1rny\u00e9kol\u00e1stechnikai elemekkel \u2013 red\u0151ny, rovarh\u00e1l\u00f3 \u2013 t\u00f6k\u00e9letesen egybe\u00e9p\u00edthet\u0151. Jellemz\u0151i: &#8211; h\u0151\u00e1tbocs\u00e1t\u00e1s: Uf 1,1 W\/m2K &#8211; \u00fcvegez\u00e9s: Ug 1,0 W\/m2K [&hellip;]<\/p>\n","protected":false},"author":1,"featured_media":0,"parent":0,"menu_order":0,"comment_status":"closed","ping_status":"closed","template":"","meta":{"footnotes":""},"class_list":["post-44","page","type-page","status-publish","hentry"],"_links":{"self":[{"href":"https:\/\/www.megadoor.hu\/index.php\/wp-json\/wp\/v2\/pages\/44","targetHints":{"allow":["GET"]}}],"collection":[{"href":"https:\/\/www.megadoor.hu\/index.php\/wp-json\/wp\/v2\/pages"}],"about":[{"href":"https:\/\/www.megadoor.hu\/index.php\/wp-json\/wp\/v2\/types\/page"}],"author":[{"embeddable":true,"href":"https:\/\/www.megadoor.hu\/index.php\/wp-json\/wp\/v2\/users\/1"}],"replies":[{"embeddable":true,"href":"https:\/\/www.megadoor.hu\/index.php\/wp-json\/wp\/v2\/comments?post=44"}],"version-history":[{"count":20,"href":"https:\/\/www.megadoor.hu\/index.php\/wp-json\/wp\/v2\/pages\/44\/revisions"}],"predecessor-version":[{"id":1460,"href":"https:\/\/www.megadoor.hu\/index.php\/wp-json\/wp\/v2\/pages\/44\/revisions\/1460"}],"wp:attachment":[{"href":"https:\/\/www.megadoor.hu\/index.php\/wp-json\/wp\/v2\/media?parent=44"}],"curies":[{"name":"wp","href":"https:\/\/api.w.org\/{rel}","templated":true}]}}