{"id":42,"date":"2020-09-07T09:37:19","date_gmt":"2020-09-07T09:37:19","guid":{"rendered":"https:\/\/www.megadoor.hu\/?page_id=42"},"modified":"2022-06-07T11:30:45","modified_gmt":"2022-06-07T11:30:45","slug":"belteri-ajtok","status":"publish","type":"page","link":"https:\/\/www.megadoor.hu\/index.php\/belteri-ajtok\/","title":{"rendered":"Belt\u00e9ri ajt\u00f3k"},"content":{"rendered":"\t\t<div data-elementor-type=\"wp-page\" data-elementor-id=\"42\" class=\"elementor elementor-42\" data-elementor-post-type=\"page\">\n\t\t\t\t\t\t<section class=\"elementor-section elementor-top-section elementor-element elementor-element-1a24a784 elementor-section-stretched elementor-section-boxed elementor-section-height-default elementor-section-height-default\" data-id=\"1a24a784\" data-element_type=\"section\" data-e-type=\"section\" id=\"belteri\" data-settings=\"{&quot;stretch_section&quot;:&quot;section-stretched&quot;}\">\n\t\t\t\t\t\t<div class=\"elementor-container elementor-column-gap-default\">\n\t\t\t\t\t<div class=\"elementor-column elementor-col-33 elementor-top-column elementor-element elementor-element-55e4e926\" data-id=\"55e4e926\" data-element_type=\"column\" data-e-type=\"column\">\n\t\t\t<div class=\"elementor-widget-wrap elementor-element-populated\">\n\t\t\t\t\t\t<div class=\"elementor-element elementor-element-785184a7 elementor-widget-divider--view-line elementor-widget elementor-widget-divider\" data-id=\"785184a7\" data-element_type=\"widget\" data-e-type=\"widget\" data-widget_type=\"divider.default\">\n\t\t\t\t<div class=\"elementor-widget-container\">\n\t\t\t\t\t\t\t<div class=\"elementor-divider\">\n\t\t\t<span class=\"elementor-divider-separator\">\n\t\t\t\t\t\t<\/span>\n\t\t<\/div>\n\t\t\t\t\t\t<\/div>\n\t\t\t\t<\/div>\n\t\t\t\t\t<\/div>\n\t\t<\/div>\n\t\t\t\t<div class=\"elementor-column elementor-col-33 elementor-top-column elementor-element elementor-element-1029d2af\" data-id=\"1029d2af\" data-element_type=\"column\" data-e-type=\"column\">\n\t\t\t<div class=\"elementor-widget-wrap elementor-element-populated\">\n\t\t\t\t\t\t\t<\/div>\n\t\t<\/div>\n\t\t\t\t<div class=\"elementor-column elementor-col-33 elementor-top-column elementor-element elementor-element-6326bf2d\" data-id=\"6326bf2d\" data-element_type=\"column\" data-e-type=\"column\">\n\t\t\t<div class=\"elementor-widget-wrap elementor-element-populated\">\n\t\t\t\t\t\t<div class=\"elementor-element elementor-element-3cb7049 elementor-widget-divider--view-line elementor-widget elementor-widget-divider\" data-id=\"3cb7049\" data-element_type=\"widget\" data-e-type=\"widget\" data-widget_type=\"divider.default\">\n\t\t\t\t<div class=\"elementor-widget-container\">\n\t\t\t\t\t\t\t<div class=\"elementor-divider\">\n\t\t\t<span class=\"elementor-divider-separator\">\n\t\t\t\t\t\t<\/span>\n\t\t<\/div>\n\t\t\t\t\t\t<\/div>\n\t\t\t\t<\/div>\n\t\t\t\t\t<\/div>\n\t\t<\/div>\n\t\t\t\t\t<\/div>\n\t\t<\/section>\n\t\t\t\t<section class=\"elementor-section elementor-top-section elementor-element elementor-element-64a57a40 elementor-section-stretched elementor-section-boxed elementor-section-height-default elementor-section-height-default\" data-id=\"64a57a40\" data-element_type=\"section\" data-e-type=\"section\" data-settings=\"{&quot;stretch_section&quot;:&quot;section-stretched&quot;}\">\n\t\t\t\t\t\t<div class=\"elementor-container elementor-column-gap-default\">\n\t\t\t\t\t<div class=\"elementor-column elementor-col-100 elementor-top-column elementor-element elementor-element-77be4f31 elementor-invisible\" data-id=\"77be4f31\" data-element_type=\"column\" data-e-type=\"column\" data-settings=\"{&quot;animation&quot;:&quot;fadeInUp&quot;}\">\n\t\t\t<div class=\"elementor-widget-wrap elementor-element-populated\">\n\t\t\t\t\t\t<div class=\"elementor-element elementor-element-6a084446 elementor-product-loop-item--align-center elementor-grid-4 elementor-grid-tablet-3 elementor-grid-mobile-2 elementor-products-grid elementor-wc-products elementor-widget elementor-widget-woocommerce-products\" data-id=\"6a084446\" data-element_type=\"widget\" data-e-type=\"widget\" id=\"listazas\" data-widget_type=\"woocommerce-products.default\">\n\t\t\t\t<div class=\"elementor-widget-container\">\n\t\t\t\t\t<div class=\"woocommerce columns-4 \"><ul class=\"products elementor-grid columns-4\">\n<li class=\"product type-product post-1162 status-publish first instock product_cat-best-belteri-ajtok has-post-thumbnail shipping-taxable product-type-simple\">\n\t<a href=\"https:\/\/www.megadoor.hu\/index.php\/termek\/best-g1-belteri-ajto\/\" class=\"woocommerce-LoopProduct-link woocommerce-loop-product__link\"><img fetchpriority=\"high\" decoding=\"async\" width=\"248\" height=\"402\" src=\"https:\/\/www.megadoor.hu\/wp-content\/uploads\/2020\/09\/1.3-1.png\" class=\"attachment-woocommerce_thumbnail size-woocommerce_thumbnail\" alt=\"best belt\u00e9ri ajt\u00f3\" srcset=\"https:\/\/www.megadoor.hu\/wp-content\/uploads\/2020\/09\/1.3-1.png 248w, https:\/\/www.megadoor.hu\/wp-content\/uploads\/2020\/09\/1.3-1-185x300.png 185w\" sizes=\"(max-width: 248px) 100vw, 248px\" title=\"\"><h2 class=\"woocommerce-loop-product__title\">BEST G1 belt\u00e9ri ajt\u00f3<\/h2>\n<\/a><div class=\"woocommerce-loop-product__buttons\"><a href=\"https:\/\/www.megadoor.hu\/index.php\/termek\/best-g1-belteri-ajto\/\" aria-describedby=\"woocommerce_loop_add_to_cart_link_describedby_1162\" data-quantity=\"1\" class=\"button product_type_simple\" data-product_id=\"1162\" data-product_sku=\"\" aria-label=\"&ldquo;BEST G1 belt\u00e9ri ajt\u00f3&rdquo; term\u00e9kr\u0151l t\u00f6bb inform\u00e1ci\u00f3\" rel=\"nofollow\" data-success_message=\"\">MEGN\u00c9ZEM<\/a><\/div>\t<span id=\"woocommerce_loop_add_to_cart_link_describedby_1162\" class=\"screen-reader-text\">\n\t\t\t<\/span>\n<\/li>\n<li class=\"product type-product post-1179 status-publish instock product_cat-best-belteri-ajtok has-post-thumbnail shipping-taxable product-type-simple\">\n\t<a href=\"https:\/\/www.megadoor.hu\/index.php\/termek\/best-g2-belteri-ajto\/\" class=\"woocommerce-LoopProduct-link woocommerce-loop-product__link\"><img decoding=\"async\" width=\"248\" height=\"402\" data-src=\"https:\/\/www.megadoor.hu\/wp-content\/uploads\/2020\/09\/2.31.png\" class=\"attachment-woocommerce_thumbnail size-woocommerce_thumbnail lazyload\" alt=\"BEST G2 belt\u00e9ri ajt\u00f3\" data-srcset=\"https:\/\/www.megadoor.hu\/wp-content\/uploads\/2020\/09\/2.31.png 248w, https:\/\/www.megadoor.hu\/wp-content\/uploads\/2020\/09\/2.31-185x300.png 185w\" data-sizes=\"(max-width: 248px) 100vw, 248px\" title=\"\" src=\"data:image\/svg+xml;base64,PHN2ZyB3aWR0aD0iMSIgaGVpZ2h0PSIxIiB4bWxucz0iaHR0cDovL3d3dy53My5vcmcvMjAwMC9zdmciPjwvc3ZnPg==\" style=\"--smush-placeholder-width: 248px; --smush-placeholder-aspect-ratio: 248\/402;\"><h2 class=\"woocommerce-loop-product__title\">BEST G2 belt\u00e9ri ajt\u00f3<\/h2>\n<\/a><div class=\"woocommerce-loop-product__buttons\"><a href=\"https:\/\/www.megadoor.hu\/index.php\/termek\/best-g2-belteri-ajto\/\" aria-describedby=\"woocommerce_loop_add_to_cart_link_describedby_1179\" data-quantity=\"1\" class=\"button product_type_simple\" data-product_id=\"1179\" data-product_sku=\"\" aria-label=\"&ldquo;BEST G2 belt\u00e9ri ajt\u00f3&rdquo; term\u00e9kr\u0151l t\u00f6bb inform\u00e1ci\u00f3\" rel=\"nofollow\" data-success_message=\"\">MEGN\u00c9ZEM<\/a><\/div>\t<span id=\"woocommerce_loop_add_to_cart_link_describedby_1179\" class=\"screen-reader-text\">\n\t\t\t<\/span>\n<\/li>\n<li class=\"product type-product post-1181 status-publish instock product_cat-best-belteri-ajtok has-post-thumbnail shipping-taxable product-type-simple\">\n\t<a href=\"https:\/\/www.megadoor.hu\/index.php\/termek\/best-g3-belteri-ajto\/\" class=\"woocommerce-LoopProduct-link woocommerce-loop-product__link\"><img decoding=\"async\" width=\"248\" height=\"402\" data-src=\"https:\/\/www.megadoor.hu\/wp-content\/uploads\/2020\/09\/3.2.png\" class=\"attachment-woocommerce_thumbnail size-woocommerce_thumbnail lazyload\" alt=\"belt\u00e9ri ajt\u00f3\" data-srcset=\"https:\/\/www.megadoor.hu\/wp-content\/uploads\/2020\/09\/3.2.png 248w, https:\/\/www.megadoor.hu\/wp-content\/uploads\/2020\/09\/3.2-185x300.png 185w\" data-sizes=\"(max-width: 248px) 100vw, 248px\" title=\"\" src=\"data:image\/svg+xml;base64,PHN2ZyB3aWR0aD0iMSIgaGVpZ2h0PSIxIiB4bWxucz0iaHR0cDovL3d3dy53My5vcmcvMjAwMC9zdmciPjwvc3ZnPg==\" style=\"--smush-placeholder-width: 248px; --smush-placeholder-aspect-ratio: 248\/402;\"><h2 class=\"woocommerce-loop-product__title\">BEST G3 belt\u00e9ri ajt\u00f3<\/h2>\n<\/a><div class=\"woocommerce-loop-product__buttons\"><a href=\"https:\/\/www.megadoor.hu\/index.php\/termek\/best-g3-belteri-ajto\/\" aria-describedby=\"woocommerce_loop_add_to_cart_link_describedby_1181\" data-quantity=\"1\" class=\"button product_type_simple\" data-product_id=\"1181\" data-product_sku=\"\" aria-label=\"&ldquo;BEST G3 belt\u00e9ri ajt\u00f3&rdquo; term\u00e9kr\u0151l t\u00f6bb inform\u00e1ci\u00f3\" rel=\"nofollow\" data-success_message=\"\">MEGN\u00c9ZEM<\/a><\/div>\t<span id=\"woocommerce_loop_add_to_cart_link_describedby_1181\" class=\"screen-reader-text\">\n\t\t\t<\/span>\n<\/li>\n<li class=\"product type-product post-1183 status-publish last instock product_cat-best-belteri-ajtok has-post-thumbnail shipping-taxable product-type-simple\">\n\t<a href=\"https:\/\/www.megadoor.hu\/index.php\/termek\/best-g4-belteri-ajto\/\" class=\"woocommerce-LoopProduct-link woocommerce-loop-product__link\"><img decoding=\"async\" width=\"248\" height=\"402\" data-src=\"https:\/\/www.megadoor.hu\/wp-content\/uploads\/2020\/09\/4.2.png\" class=\"attachment-woocommerce_thumbnail size-woocommerce_thumbnail lazyload\" alt=\"best belt\u00e9ri ajt\u00f3\" data-srcset=\"https:\/\/www.megadoor.hu\/wp-content\/uploads\/2020\/09\/4.2.png 248w, https:\/\/www.megadoor.hu\/wp-content\/uploads\/2020\/09\/4.2-185x300.png 185w\" data-sizes=\"(max-width: 248px) 100vw, 248px\" title=\"\" src=\"data:image\/svg+xml;base64,PHN2ZyB3aWR0aD0iMSIgaGVpZ2h0PSIxIiB4bWxucz0iaHR0cDovL3d3dy53My5vcmcvMjAwMC9zdmciPjwvc3ZnPg==\" style=\"--smush-placeholder-width: 248px; --smush-placeholder-aspect-ratio: 248\/402;\"><h2 class=\"woocommerce-loop-product__title\">BEST G4 belt\u00e9ri ajt\u00f3<\/h2>\n<\/a><div class=\"woocommerce-loop-product__buttons\"><a href=\"https:\/\/www.megadoor.hu\/index.php\/termek\/best-g4-belteri-ajto\/\" aria-describedby=\"woocommerce_loop_add_to_cart_link_describedby_1183\" data-quantity=\"1\" class=\"button product_type_simple\" data-product_id=\"1183\" data-product_sku=\"\" aria-label=\"&ldquo;BEST G4 belt\u00e9ri ajt\u00f3&rdquo; term\u00e9kr\u0151l t\u00f6bb inform\u00e1ci\u00f3\" rel=\"nofollow\" data-success_message=\"\">MEGN\u00c9ZEM<\/a><\/div>\t<span id=\"woocommerce_loop_add_to_cart_link_describedby_1183\" class=\"screen-reader-text\">\n\t\t\t<\/span>\n<\/li>\n<li class=\"product type-product post-1185 status-publish first instock product_cat-best-belteri-ajtok has-post-thumbnail shipping-taxable product-type-simple\">\n\t<a href=\"https:\/\/www.megadoor.hu\/index.php\/termek\/best-g5-belteri-ajto\/\" class=\"woocommerce-LoopProduct-link woocommerce-loop-product__link\"><img decoding=\"async\" width=\"248\" height=\"402\" data-src=\"https:\/\/www.megadoor.hu\/wp-content\/uploads\/2020\/09\/G6-barna.png\" class=\"attachment-woocommerce_thumbnail size-woocommerce_thumbnail lazyload\" alt=\"G6 barna\" data-srcset=\"https:\/\/www.megadoor.hu\/wp-content\/uploads\/2020\/09\/G6-barna.png 248w, https:\/\/www.megadoor.hu\/wp-content\/uploads\/2020\/09\/G6-barna-185x300.png 185w\" data-sizes=\"(max-width: 248px) 100vw, 248px\" title=\"\" src=\"data:image\/svg+xml;base64,PHN2ZyB3aWR0aD0iMSIgaGVpZ2h0PSIxIiB4bWxucz0iaHR0cDovL3d3dy53My5vcmcvMjAwMC9zdmciPjwvc3ZnPg==\" style=\"--smush-placeholder-width: 248px; --smush-placeholder-aspect-ratio: 248\/402;\"><h2 class=\"woocommerce-loop-product__title\">BEST G5 belt\u00e9ri ajt\u00f3<\/h2>\n<\/a><div class=\"woocommerce-loop-product__buttons\"><a href=\"https:\/\/www.megadoor.hu\/index.php\/termek\/best-g5-belteri-ajto\/\" aria-describedby=\"woocommerce_loop_add_to_cart_link_describedby_1185\" data-quantity=\"1\" class=\"button product_type_simple\" data-product_id=\"1185\" data-product_sku=\"\" aria-label=\"&ldquo;BEST G5 belt\u00e9ri ajt\u00f3&rdquo; term\u00e9kr\u0151l t\u00f6bb inform\u00e1ci\u00f3\" rel=\"nofollow\" data-success_message=\"\">MEGN\u00c9ZEM<\/a><\/div>\t<span id=\"woocommerce_loop_add_to_cart_link_describedby_1185\" class=\"screen-reader-text\">\n\t\t\t<\/span>\n<\/li>\n<li class=\"product type-product post-1189 status-publish instock product_cat-best-belteri-ajtok has-post-thumbnail shipping-taxable product-type-simple\">\n\t<a href=\"https:\/\/www.megadoor.hu\/index.php\/termek\/best-g6-belteri-ajto\/\" class=\"woocommerce-LoopProduct-link woocommerce-loop-product__link\"><img decoding=\"async\" width=\"248\" height=\"402\" data-src=\"https:\/\/www.megadoor.hu\/wp-content\/uploads\/2020\/09\/6.3.png\" class=\"attachment-woocommerce_thumbnail size-woocommerce_thumbnail lazyload\" alt=\"best belt\u00e9ri ajt\u00f3\" data-srcset=\"https:\/\/www.megadoor.hu\/wp-content\/uploads\/2020\/09\/6.3.png 248w, https:\/\/www.megadoor.hu\/wp-content\/uploads\/2020\/09\/6.3-185x300.png 185w\" data-sizes=\"(max-width: 248px) 100vw, 248px\" title=\"\" src=\"data:image\/svg+xml;base64,PHN2ZyB3aWR0aD0iMSIgaGVpZ2h0PSIxIiB4bWxucz0iaHR0cDovL3d3dy53My5vcmcvMjAwMC9zdmciPjwvc3ZnPg==\" style=\"--smush-placeholder-width: 248px; --smush-placeholder-aspect-ratio: 248\/402;\"><h2 class=\"woocommerce-loop-product__title\">BEST G6 belt\u00e9ri ajt\u00f3<\/h2>\n<\/a><div class=\"woocommerce-loop-product__buttons\"><a href=\"https:\/\/www.megadoor.hu\/index.php\/termek\/best-g6-belteri-ajto\/\" aria-describedby=\"woocommerce_loop_add_to_cart_link_describedby_1189\" data-quantity=\"1\" class=\"button product_type_simple\" data-product_id=\"1189\" data-product_sku=\"\" aria-label=\"&ldquo;BEST G6 belt\u00e9ri ajt\u00f3&rdquo; term\u00e9kr\u0151l t\u00f6bb inform\u00e1ci\u00f3\" rel=\"nofollow\" data-success_message=\"\">MEGN\u00c9ZEM<\/a><\/div>\t<span id=\"woocommerce_loop_add_to_cart_link_describedby_1189\" class=\"screen-reader-text\">\n\t\t\t<\/span>\n<\/li>\n<\/ul>\n<\/div>\t\t\t\t<\/div>\n\t\t\t\t<\/div>\n\t\t\t\t\t<\/div>\n\t\t<\/div>\n\t\t\t\t\t<\/div>\n\t\t<\/section>\n\t\t\t\t<section class=\"elementor-section elementor-top-section elementor-element elementor-element-2bb66f6a elementor-section-stretched elementor-section-boxed elementor-section-height-default elementor-section-height-default\" data-id=\"2bb66f6a\" data-element_type=\"section\" data-e-type=\"section\" data-settings=\"{&quot;stretch_section&quot;:&quot;section-stretched&quot;,&quot;background_background&quot;:&quot;classic&quot;}\">\n\t\t\t\t\t\t\t<div class=\"elementor-background-overlay\"><\/div>\n\t\t\t\t\t\t\t<div class=\"elementor-container elementor-column-gap-default\">\n\t\t\t\t\t<div class=\"elementor-column elementor-col-100 elementor-top-column elementor-element elementor-element-b8991ee\" data-id=\"b8991ee\" data-element_type=\"column\" data-e-type=\"column\">\n\t\t\t<div class=\"elementor-widget-wrap elementor-element-populated\">\n\t\t\t\t\t\t<div class=\"elementor-element elementor-element-750d7712 elementor-invisible elementor-widget elementor-widget-heading\" data-id=\"750d7712\" data-element_type=\"widget\" data-e-type=\"widget\" data-settings=\"{&quot;_animation&quot;:&quot;pulse&quot;,&quot;_animation_delay&quot;:200}\" data-widget_type=\"heading.default\">\n\t\t\t\t<div class=\"elementor-widget-container\">\n\t\t\t\t\t<h3 class=\"elementor-heading-title elementor-size-default\">A st\u00edlusos bels\u0151 t\u00e9r kialak\u00edt\u00e1s\u00e1hoz!<\/h3>\t\t\t\t<\/div>\n\t\t\t\t<\/div>\n\t\t\t\t<div class=\"elementor-element elementor-element-111d59f4 elementor-widget elementor-widget-text-editor\" data-id=\"111d59f4\" data-element_type=\"widget\" data-e-type=\"widget\" data-widget_type=\"text-editor.default\">\n\t\t\t\t<div class=\"elementor-widget-container\">\n\t\t\t\t\t\t\t\t\t<p>A sz\u00e9les m\u00e9retv\u00e1laszt\u00e9kban k\u00e9rhet\u0151 ajt\u00f3lap, valamint a k\u00fcl\u00f6nb\u00f6z\u0151 falvastags\u00e1gokhoz egyedileg rendelhet\u0151 tok biztos\u00edtja a t\u00f6k\u00e9letes v\u00e1laszt\u00e1s lehet\u0151s\u00e9g\u00e9t.\u00a0\u00a0<\/p>\t\t\t\t\t\t\t\t<\/div>\n\t\t\t\t<\/div>\n\t\t\t\t<div class=\"elementor-element elementor-element-50ba267b elementor-invisible elementor-widget elementor-widget-heading\" data-id=\"50ba267b\" data-element_type=\"widget\" data-e-type=\"widget\" data-settings=\"{&quot;_animation&quot;:&quot;pulse&quot;,&quot;_animation_delay&quot;:500}\" data-widget_type=\"heading.default\">\n\t\t\t\t<div class=\"elementor-widget-container\">\n\t\t\t\t\t<h4 class=\"elementor-heading-title elementor-size-default\">K\u00c9RJE EGYEDI AJ\u00c1NLATUNKAT!<\/h4>\t\t\t\t<\/div>\n\t\t\t\t<\/div>\n\t\t\t\t<div class=\"elementor-element elementor-element-650f04be elementor-align-center elementor-widget elementor-widget-button\" data-id=\"650f04be\" data-element_type=\"widget\" data-e-type=\"widget\" data-widget_type=\"button.default\">\n\t\t\t\t<div class=\"elementor-widget-container\">\n\t\t\t\t\t\t\t\t\t<div class=\"elementor-button-wrapper\">\n\t\t\t\t\t<a class=\"elementor-button elementor-button-link elementor-size-sm\" href=\"https:\/\/www.megadoor.hu\/index.php\/elerhetosegeink\/\">\n\t\t\t\t\t\t<span class=\"elementor-button-content-wrapper\">\n\t\t\t\t\t\t\t\t\t<span class=\"elementor-button-text\">AJ\u00c1NLATOT K\u00c9REK<\/span>\n\t\t\t\t\t<\/span>\n\t\t\t\t\t<\/a>\n\t\t\t\t<\/div>\n\t\t\t\t\t\t\t\t<\/div>\n\t\t\t\t<\/div>\n\t\t\t\t\t<\/div>\n\t\t<\/div>\n\t\t\t\t\t<\/div>\n\t\t<\/section>\n\t\t\t\t<\/div>\n\t\t","protected":false},"excerpt":{"rendered":"<p>A st\u00edlusos bels\u0151 t\u00e9r kialak\u00edt\u00e1s\u00e1hoz! A sz\u00e9les m\u00e9retv\u00e1laszt\u00e9kban k\u00e9rhet\u0151 ajt\u00f3lap, valamint a k\u00fcl\u00f6nb\u00f6z\u0151 falvastags\u00e1gokhoz egyedileg rendelhet\u0151 tok biztos\u00edtja a t\u00f6k\u00e9letes v\u00e1laszt\u00e1s lehet\u0151s\u00e9g\u00e9t.\u00a0\u00a0 K\u00c9RJE EGYEDI AJ\u00c1NLATUNKAT! AJ\u00c1NLATOT K\u00c9REK<\/p>\n","protected":false},"author":1,"featured_media":0,"parent":0,"menu_order":0,"comment_status":"closed","ping_status":"closed","template":"","meta":{"footnotes":""},"class_list":["post-42","page","type-page","status-publish","hentry"],"_links":{"self":[{"href":"https:\/\/www.megadoor.hu\/index.php\/wp-json\/wp\/v2\/pages\/42","targetHints":{"allow":["GET"]}}],"collection":[{"href":"https:\/\/www.megadoor.hu\/index.php\/wp-json\/wp\/v2\/pages"}],"about":[{"href":"https:\/\/www.megadoor.hu\/index.php\/wp-json\/wp\/v2\/types\/page"}],"author":[{"embeddable":true,"href":"https:\/\/www.megadoor.hu\/index.php\/wp-json\/wp\/v2\/users\/1"}],"replies":[{"embeddable":true,"href":"https:\/\/www.megadoor.hu\/index.php\/wp-json\/wp\/v2\/comments?post=42"}],"version-history":[{"count":18,"href":"https:\/\/www.megadoor.hu\/index.php\/wp-json\/wp\/v2\/pages\/42\/revisions"}],"predecessor-version":[{"id":6043,"href":"https:\/\/www.megadoor.hu\/index.php\/wp-json\/wp\/v2\/pages\/42\/revisions\/6043"}],"wp:attachment":[{"href":"https:\/\/www.megadoor.hu\/index.php\/wp-json\/wp\/v2\/media?parent=42"}],"curies":[{"name":"wp","href":"https:\/\/api.w.org\/{rel}","templated":true}]}}