{"id":30,"date":"2020-09-07T09:32:42","date_gmt":"2020-09-07T09:32:42","guid":{"rendered":"https:\/\/www.megadoor.hu\/?page_id=30"},"modified":"2020-09-28T13:15:08","modified_gmt":"2020-09-28T13:15:08","slug":"rolunk","status":"publish","type":"page","link":"https:\/\/www.megadoor.hu\/index.php\/rolunk\/","title":{"rendered":"R\u00d3LUNK"},"content":{"rendered":"\t\t<div data-elementor-type=\"wp-page\" data-elementor-id=\"30\" class=\"elementor elementor-30\" data-elementor-post-type=\"page\">\n\t\t\t\t\t\t<section class=\"elementor-section elementor-top-section elementor-element elementor-element-3d035b34 elementor-section-stretched elementor-section-boxed elementor-section-height-default elementor-section-height-default\" data-id=\"3d035b34\" data-element_type=\"section\" data-e-type=\"section\" data-settings=\"{&quot;stretch_section&quot;:&quot;section-stretched&quot;}\">\n\t\t\t\t\t\t<div class=\"elementor-container elementor-column-gap-default\">\n\t\t\t\t\t<div class=\"elementor-column elementor-col-33 elementor-top-column elementor-element elementor-element-4342d2f3\" data-id=\"4342d2f3\" data-element_type=\"column\" data-e-type=\"column\">\n\t\t\t<div class=\"elementor-widget-wrap elementor-element-populated\">\n\t\t\t\t\t\t<div class=\"elementor-element elementor-element-4089a9b0 elementor-widget-divider--view-line elementor-widget elementor-widget-divider\" data-id=\"4089a9b0\" data-element_type=\"widget\" data-e-type=\"widget\" data-widget_type=\"divider.default\">\n\t\t\t\t<div class=\"elementor-widget-container\">\n\t\t\t\t\t\t\t<div class=\"elementor-divider\">\n\t\t\t<span class=\"elementor-divider-separator\">\n\t\t\t\t\t\t<\/span>\n\t\t<\/div>\n\t\t\t\t\t\t<\/div>\n\t\t\t\t<\/div>\n\t\t\t\t\t<\/div>\n\t\t<\/div>\n\t\t\t\t<div class=\"elementor-column elementor-col-33 elementor-top-column elementor-element elementor-element-7dcaf393\" data-id=\"7dcaf393\" data-element_type=\"column\" data-e-type=\"column\">\n\t\t\t<div class=\"elementor-widget-wrap elementor-element-populated\">\n\t\t\t\t\t\t\t<\/div>\n\t\t<\/div>\n\t\t\t\t<div class=\"elementor-column elementor-col-33 elementor-top-column elementor-element elementor-element-11953924\" data-id=\"11953924\" data-element_type=\"column\" data-e-type=\"column\">\n\t\t\t<div class=\"elementor-widget-wrap elementor-element-populated\">\n\t\t\t\t\t\t<div class=\"elementor-element elementor-element-4dba175b elementor-widget-divider--view-line elementor-widget elementor-widget-divider\" data-id=\"4dba175b\" data-element_type=\"widget\" data-e-type=\"widget\" data-widget_type=\"divider.default\">\n\t\t\t\t<div class=\"elementor-widget-container\">\n\t\t\t\t\t\t\t<div class=\"elementor-divider\">\n\t\t\t<span class=\"elementor-divider-separator\">\n\t\t\t\t\t\t<\/span>\n\t\t<\/div>\n\t\t\t\t\t\t<\/div>\n\t\t\t\t<\/div>\n\t\t\t\t\t<\/div>\n\t\t<\/div>\n\t\t\t\t\t<\/div>\n\t\t<\/section>\n\t\t\t\t<section class=\"elementor-section elementor-top-section elementor-element elementor-element-e0a9725 elementor-section-stretched elementor-section-boxed elementor-section-height-default elementor-section-height-default\" data-id=\"e0a9725\" data-element_type=\"section\" data-e-type=\"section\" data-settings=\"{&quot;stretch_section&quot;:&quot;section-stretched&quot;}\">\n\t\t\t\t\t\t<div class=\"elementor-container elementor-column-gap-default\">\n\t\t\t\t\t<div class=\"elementor-column elementor-col-100 elementor-top-column elementor-element elementor-element-47f2d01\" data-id=\"47f2d01\" data-element_type=\"column\" data-e-type=\"column\">\n\t\t\t<div class=\"elementor-widget-wrap elementor-element-populated\">\n\t\t\t\t\t\t<div class=\"elementor-element elementor-element-5858e7f elementor-widget elementor-widget-text-editor\" data-id=\"5858e7f\" data-element_type=\"widget\" data-e-type=\"widget\" data-widget_type=\"text-editor.default\">\n\t\t\t\t<div class=\"elementor-widget-container\">\n\t\t\t\t\t\t\t\t\tC\u00e9g\u00fcnk, a Mega Door System &#8211; Csokoland Kft. 2004-ben kezdte meg tev\u00e9kenys\u00e9g\u00e9t a Mega biztons\u00e1gi\najt\u00f3k forgalmaz\u00e1s\u00e1val. M\u00e1ra term\u00e9klist\u00e1nk kib\u0151v\u00fclt belt\u00e9ri ajt\u00f3kkal, m\u0171anyag ny\u00edl\u00e1sz\u00e1r\u00f3kkal \u00e9s\n\u00e1rny\u00e9kol\u00e1stechnikai rendszerekkel. Term\u00e9keink egyedi m\u00e9retben, egyedi ig\u00e9nyekre szabva k\u00e9sz\u00fclnek.\nC\u00e9lunk, hogy kiv\u00e1l\u00f3 min\u0151s\u00e9gben, a legkedvez\u0151bb \u00e1ron, a lehet\u0151 legr\u00f6videbb id\u0151n bel\u00fcl juttassuk el\nv\u00e1s\u00e1rl\u00f3inkhoz.\t\t\t\t\t\t\t\t<\/div>\n\t\t\t\t<\/div>\n\t\t\t\t<div class=\"elementor-element elementor-element-473e324 elementor-skin-carousel elementor-arrows-yes elementor-pagination-type-bullets elementor-pagination-position-outside elementor-widget elementor-widget-media-carousel\" data-id=\"473e324\" data-element_type=\"widget\" data-e-type=\"widget\" data-settings=\"{&quot;slides_per_view&quot;:&quot;3&quot;,&quot;slides_to_scroll&quot;:&quot;1&quot;,&quot;skin&quot;:&quot;carousel&quot;,&quot;effect&quot;:&quot;slide&quot;,&quot;show_arrows&quot;:&quot;yes&quot;,&quot;pagination&quot;:&quot;bullets&quot;,&quot;speed&quot;:500,&quot;autoplay&quot;:&quot;yes&quot;,&quot;autoplay_speed&quot;:5000,&quot;loop&quot;:&quot;yes&quot;,&quot;pause_on_hover&quot;:&quot;yes&quot;,&quot;pause_on_interaction&quot;:&quot;yes&quot;,&quot;space_between&quot;:{&quot;unit&quot;:&quot;px&quot;,&quot;size&quot;:10,&quot;sizes&quot;:[]},&quot;space_between_tablet&quot;:{&quot;unit&quot;:&quot;px&quot;,&quot;size&quot;:10,&quot;sizes&quot;:[]},&quot;space_between_mobile&quot;:{&quot;unit&quot;:&quot;px&quot;,&quot;size&quot;:10,&quot;sizes&quot;:[]}}\" data-widget_type=\"media-carousel.default\">\n\t\t\t\t<div class=\"elementor-widget-container\">\n\t\t\t\t\t\t\t\t\t<div class=\"elementor-swiper\">\n\t\t\t\t\t<div class=\"elementor-main-swiper swiper\" role=\"region\" aria-roledescription=\"carousel\" aria-label=\"Di\u00e1k\">\n\t\t\t\t<div class=\"swiper-wrapper\">\n\t\t\t\t\t\t\t\t\t\t\t<div class=\"swiper-slide\" role=\"group\" aria-roledescription=\"slide\">\n\t\t\t\t\t\t\t<a href=\"https:\/\/www.megadoor.hu\/wp-content\/uploads\/2020\/09\/IMG_20200902_123459-scaled.jpg\" data-elementor-open-lightbox=\"yes\" data-elementor-lightbox-slideshow=\"473e324\" data-e-action-hash=\"#elementor-action%3Aaction%3Dlightbox%26settings%3DeyJpZCI6MTM2OSwidXJsIjoiaHR0cHM6XC9cL3d3dy5tZWdhZG9vci5odVwvd3AtY29udGVudFwvdXBsb2Fkc1wvMjAyMFwvMDlcL0lNR18yMDIwMDkwMl8xMjM0NTktc2NhbGVkLmpwZyIsInNsaWRlc2hvdyI6IjQ3M2UzMjQifQ%3D%3D\">\t\t<div class=\"elementor-carousel-image lazyload\" role=\"img\" aria-label=\"r\u00f3lunk\" style=\"background-image:inherit\" data-bg-image=\"url(&#039;https:\/\/www.megadoor.hu\/wp-content\/uploads\/2020\/09\/IMG_20200902_123459-scaled.jpg&#039;)\">\n\n\t\t\t\n\t\t\t\t\t<\/div>\n\t\t<\/a>\t\t\t\t\t\t<\/div>\n\t\t\t\t\t\t\t\t\t\t\t<div class=\"swiper-slide\" role=\"group\" aria-roledescription=\"slide\">\n\t\t\t\t\t\t\t<a href=\"https:\/\/www.megadoor.hu\/wp-content\/uploads\/2020\/09\/IMG_20200915_084138-1-scaled-e1600784422180.jpg\" data-elementor-open-lightbox=\"yes\" data-elementor-lightbox-slideshow=\"473e324\" data-e-action-hash=\"#elementor-action%3Aaction%3Dlightbox%26settings%3DeyJpZCI6MTE0NywidXJsIjoiaHR0cHM6XC9cL3d3dy5tZWdhZG9vci5odVwvd3AtY29udGVudFwvdXBsb2Fkc1wvMjAyMFwvMDlcL0lNR18yMDIwMDkxNV8wODQxMzgtMS1zY2FsZWQtZTE2MDA3ODQ0MjIxODAuanBnIiwic2xpZGVzaG93IjoiNDczZTMyNCJ9\">\t\t<div class=\"elementor-carousel-image lazyload\" role=\"img\" aria-label=\"mega door bej\u00e1rati belt\u00e9ri ajt\u00f3 \u00fczlet\" style=\"background-image:inherit\" data-bg-image=\"url(&#039;https:\/\/www.megadoor.hu\/wp-content\/uploads\/2020\/09\/IMG_20200915_084138-1-scaled-e1600784422180.jpg&#039;)\">\n\n\t\t\t\n\t\t\t\t\t<\/div>\n\t\t<\/a>\t\t\t\t\t\t<\/div>\n\t\t\t\t\t\t\t\t\t\t\t<div class=\"swiper-slide\" role=\"group\" aria-roledescription=\"slide\">\n\t\t\t\t\t\t\t<a href=\"https:\/\/www.megadoor.hu\/wp-content\/uploads\/2020\/09\/P1060179-scaled.jpg\" data-elementor-open-lightbox=\"yes\" data-elementor-lightbox-slideshow=\"473e324\" data-e-action-hash=\"#elementor-action%3Aaction%3Dlightbox%26settings%3DeyJpZCI6MTM3MCwidXJsIjoiaHR0cHM6XC9cL3d3dy5tZWdhZG9vci5odVwvd3AtY29udGVudFwvdXBsb2Fkc1wvMjAyMFwvMDlcL1AxMDYwMTc5LXNjYWxlZC5qcGciLCJzbGlkZXNob3ciOiI0NzNlMzI0In0%3D\">\t\t<div class=\"elementor-carousel-image lazyload\" role=\"img\" aria-label=\"r\u00f3lunk\" style=\"background-image:inherit\" data-bg-image=\"url(&#039;https:\/\/www.megadoor.hu\/wp-content\/uploads\/2020\/09\/P1060179-scaled.jpg&#039;)\">\n\n\t\t\t\n\t\t\t\t\t<\/div>\n\t\t<\/a>\t\t\t\t\t\t<\/div>\n\t\t\t\t\t\t\t\t\t\t\t<div class=\"swiper-slide\" role=\"group\" aria-roledescription=\"slide\">\n\t\t\t\t\t\t\t<a href=\"https:\/\/www.megadoor.hu\/wp-content\/uploads\/2020\/09\/IMG_20200804_124455-scaled.jpg\" data-elementor-open-lightbox=\"yes\" data-elementor-lightbox-slideshow=\"473e324\" data-e-action-hash=\"#elementor-action%3Aaction%3Dlightbox%26settings%3DeyJpZCI6MTM3MSwidXJsIjoiaHR0cHM6XC9cL3d3dy5tZWdhZG9vci5odVwvd3AtY29udGVudFwvdXBsb2Fkc1wvMjAyMFwvMDlcL0lNR18yMDIwMDgwNF8xMjQ0NTUtc2NhbGVkLmpwZyIsInNsaWRlc2hvdyI6IjQ3M2UzMjQifQ%3D%3D\">\t\t<div class=\"elementor-carousel-image lazyload\" role=\"img\" aria-label=\"r\u00f3lunk\" style=\"background-image:inherit\" data-bg-image=\"url(&#039;https:\/\/www.megadoor.hu\/wp-content\/uploads\/2020\/09\/IMG_20200804_124455-scaled.jpg&#039;)\">\n\n\t\t\t\n\t\t\t\t\t<\/div>\n\t\t<\/a>\t\t\t\t\t\t<\/div>\n\t\t\t\t\t\t\t\t\t\t\t<div class=\"swiper-slide\" role=\"group\" aria-roledescription=\"slide\">\n\t\t\t\t\t\t\t<a href=\"https:\/\/www.megadoor.hu\/wp-content\/uploads\/2020\/09\/IMG_20200804_123838-scaled.jpg\" data-elementor-open-lightbox=\"yes\" data-elementor-lightbox-slideshow=\"473e324\" data-e-action-hash=\"#elementor-action%3Aaction%3Dlightbox%26settings%3DeyJpZCI6MTM3MywidXJsIjoiaHR0cHM6XC9cL3d3dy5tZWdhZG9vci5odVwvd3AtY29udGVudFwvdXBsb2Fkc1wvMjAyMFwvMDlcL0lNR18yMDIwMDgwNF8xMjM4Mzgtc2NhbGVkLmpwZyIsInNsaWRlc2hvdyI6IjQ3M2UzMjQifQ%3D%3D\">\t\t<div class=\"elementor-carousel-image lazyload\" role=\"img\" aria-label=\"r\u00f3lunk\" style=\"background-image:inherit\" data-bg-image=\"url(&#039;https:\/\/www.megadoor.hu\/wp-content\/uploads\/2020\/09\/IMG_20200804_123838-scaled.jpg&#039;)\">\n\n\t\t\t\n\t\t\t\t\t<\/div>\n\t\t<\/a>\t\t\t\t\t\t<\/div>\n\t\t\t\t\t\t\t\t\t\t\t<div class=\"swiper-slide\" role=\"group\" aria-roledescription=\"slide\">\n\t\t\t\t\t\t\t<a href=\"https:\/\/www.megadoor.hu\/wp-content\/uploads\/2020\/09\/IMG_20200905_092935-scaled.jpg\" data-elementor-open-lightbox=\"yes\" data-elementor-lightbox-slideshow=\"473e324\" data-e-action-hash=\"#elementor-action%3Aaction%3Dlightbox%26settings%3DeyJpZCI6MTM3OCwidXJsIjoiaHR0cHM6XC9cL3d3dy5tZWdhZG9vci5odVwvd3AtY29udGVudFwvdXBsb2Fkc1wvMjAyMFwvMDlcL0lNR18yMDIwMDkwNV8wOTI5MzUtc2NhbGVkLmpwZyIsInNsaWRlc2hvdyI6IjQ3M2UzMjQifQ%3D%3D\">\t\t<div class=\"elementor-carousel-image lazyload\" role=\"img\" aria-label=\"r\u00f3lunk\" style=\"background-image:inherit\" data-bg-image=\"url(&#039;https:\/\/www.megadoor.hu\/wp-content\/uploads\/2020\/09\/IMG_20200905_092935-scaled.jpg&#039;)\">\n\n\t\t\t\n\t\t\t\t\t<\/div>\n\t\t<\/a>\t\t\t\t\t\t<\/div>\n\t\t\t\t\t\t\t\t\t\t\t<div class=\"swiper-slide\" role=\"group\" aria-roledescription=\"slide\">\n\t\t\t\t\t\t\t<a href=\"https:\/\/www.megadoor.hu\/wp-content\/uploads\/2020\/09\/IMG_20200905_092840-scaled.jpg\" data-elementor-open-lightbox=\"yes\" data-elementor-lightbox-slideshow=\"473e324\" data-e-action-hash=\"#elementor-action%3Aaction%3Dlightbox%26settings%3DeyJpZCI6MTM3NywidXJsIjoiaHR0cHM6XC9cL3d3dy5tZWdhZG9vci5odVwvd3AtY29udGVudFwvdXBsb2Fkc1wvMjAyMFwvMDlcL0lNR18yMDIwMDkwNV8wOTI4NDAtc2NhbGVkLmpwZyIsInNsaWRlc2hvdyI6IjQ3M2UzMjQifQ%3D%3D\">\t\t<div class=\"elementor-carousel-image lazyload\" role=\"img\" aria-label=\"r\u00f3lunk\" style=\"background-image:inherit\" data-bg-image=\"url(&#039;https:\/\/www.megadoor.hu\/wp-content\/uploads\/2020\/09\/IMG_20200905_092840-scaled.jpg&#039;)\">\n\n\t\t\t\n\t\t\t\t\t<\/div>\n\t\t<\/a>\t\t\t\t\t\t<\/div>\n\t\t\t\t\t\t\t\t\t\t\t<div class=\"swiper-slide\" role=\"group\" aria-roledescription=\"slide\">\n\t\t\t\t\t\t\t<a href=\"https:\/\/www.megadoor.hu\/wp-content\/uploads\/2020\/09\/IMG_20200804_124552-1-scaled.jpg\" data-elementor-open-lightbox=\"yes\" data-elementor-lightbox-slideshow=\"473e324\" data-e-action-hash=\"#elementor-action%3Aaction%3Dlightbox%26settings%3DeyJpZCI6MTM3NiwidXJsIjoiaHR0cHM6XC9cL3d3dy5tZWdhZG9vci5odVwvd3AtY29udGVudFwvdXBsb2Fkc1wvMjAyMFwvMDlcL0lNR18yMDIwMDgwNF8xMjQ1NTItMS1zY2FsZWQuanBnIiwic2xpZGVzaG93IjoiNDczZTMyNCJ9\">\t\t<div class=\"elementor-carousel-image lazyload\" role=\"img\" aria-label=\"r\u00f3lunk\" style=\"background-image:inherit\" data-bg-image=\"url(&#039;https:\/\/www.megadoor.hu\/wp-content\/uploads\/2020\/09\/IMG_20200804_124552-1-scaled.jpg&#039;)\">\n\n\t\t\t\n\t\t\t\t\t<\/div>\n\t\t<\/a>\t\t\t\t\t\t<\/div>\n\t\t\t\t\t\t\t\t\t\t\t<div class=\"swiper-slide\" role=\"group\" aria-roledescription=\"slide\">\n\t\t\t\t\t\t\t<a href=\"https:\/\/www.megadoor.hu\/wp-content\/uploads\/2020\/09\/IMG_20200804_124002-scaled.jpg\" data-elementor-open-lightbox=\"yes\" data-elementor-lightbox-slideshow=\"473e324\" data-e-action-hash=\"#elementor-action%3Aaction%3Dlightbox%26settings%3DeyJpZCI6MTM3NCwidXJsIjoiaHR0cHM6XC9cL3d3dy5tZWdhZG9vci5odVwvd3AtY29udGVudFwvdXBsb2Fkc1wvMjAyMFwvMDlcL0lNR18yMDIwMDgwNF8xMjQwMDItc2NhbGVkLmpwZyIsInNsaWRlc2hvdyI6IjQ3M2UzMjQifQ%3D%3D\">\t\t<div class=\"elementor-carousel-image lazyload\" role=\"img\" aria-label=\"r\u00f3lunk\" style=\"background-image:inherit\" data-bg-image=\"url(&#039;https:\/\/www.megadoor.hu\/wp-content\/uploads\/2020\/09\/IMG_20200804_124002-scaled.jpg&#039;)\">\n\n\t\t\t\n\t\t\t\t\t<\/div>\n\t\t<\/a>\t\t\t\t\t\t<\/div>\n\t\t\t\t\t\t\t\t\t<\/div>\n\t\t\t\t\t\t\t\t\t\t\t\t\t\t\t<div class=\"elementor-swiper-button elementor-swiper-button-prev\" role=\"button\" tabindex=\"0\" aria-label=\"El\u0151z\u0151\">\n\t\t\t\t\t\t\t<i aria-hidden=\"true\" class=\"eicon-chevron-left\"><\/i>\t\t\t\t\t\t<\/div>\n\t\t\t\t\t\t<div class=\"elementor-swiper-button elementor-swiper-button-next\" role=\"button\" tabindex=\"0\" aria-label=\"K\u00f6vetkez\u0151\">\n\t\t\t\t\t\t\t<i aria-hidden=\"true\" class=\"eicon-chevron-right\"><\/i>\t\t\t\t\t\t<\/div>\n\t\t\t\t\t\t\t\t\t\t\t\t\t\t\t\t<div class=\"swiper-pagination\"><\/div>\n\t\t\t\t\t\t\t\t\t\t\t\t<\/div>\n\t\t\t\t<\/div>\n\t\t\t\t\t\t\t\t<\/div>\n\t\t\t\t<\/div>\n\t\t\t\t<div class=\"elementor-element elementor-element-3beb82e elementor-invisible elementor-widget elementor-widget-text-editor\" data-id=\"3beb82e\" data-element_type=\"widget\" data-e-type=\"widget\" data-settings=\"{&quot;_animation&quot;:&quot;pulse&quot;}\" data-widget_type=\"text-editor.default\">\n\t\t\t\t<div class=\"elementor-widget-container\">\n\t\t\t\t\t\t\t\t\tA kiemelked\u0151 min\u0151s\u00e9g\u00e9r\u0151l \u00e9s kedvez\u0151 \u00e1rainkr\u00f3l gy\u0151z\u0151dj\u00f6n meg szem\u00e9lyesen\nbemutat\u00f3term\u00fcnkben.\t\t\t\t\t\t\t\t<\/div>\n\t\t\t\t<\/div>\n\t\t\t\t<div class=\"elementor-element elementor-element-3a49f24 elementor-align-center elementor-widget elementor-widget-button\" data-id=\"3a49f24\" data-element_type=\"widget\" data-e-type=\"widget\" data-widget_type=\"button.default\">\n\t\t\t\t<div class=\"elementor-widget-container\">\n\t\t\t\t\t\t\t\t\t<div class=\"elementor-button-wrapper\">\n\t\t\t\t\t<a class=\"elementor-button elementor-button-link elementor-size-sm\" href=\"https:\/\/www.megadoor.hu\/index.php\/elerhetosegeink\/\">\n\t\t\t\t\t\t<span class=\"elementor-button-content-wrapper\">\n\t\t\t\t\t\t\t\t\t<span class=\"elementor-button-text\">EL\u00c9RHET\u0150S\u00c9GEINK<\/span>\n\t\t\t\t\t<\/span>\n\t\t\t\t\t<\/a>\n\t\t\t\t<\/div>\n\t\t\t\t\t\t\t\t<\/div>\n\t\t\t\t<\/div>\n\t\t\t\t\t<\/div>\n\t\t<\/div>\n\t\t\t\t\t<\/div>\n\t\t<\/section>\n\t\t\t\t<section class=\"elementor-section elementor-top-section elementor-element elementor-element-4341f2d3 elementor-section-stretched elementor-section-boxed elementor-section-height-default elementor-section-height-default\" data-id=\"4341f2d3\" data-element_type=\"section\" data-e-type=\"section\" data-settings=\"{&quot;stretch_section&quot;:&quot;section-stretched&quot;,&quot;background_background&quot;:&quot;classic&quot;}\">\n\t\t\t\t\t\t\t<div class=\"elementor-background-overlay\"><\/div>\n\t\t\t\t\t\t\t<div class=\"elementor-container elementor-column-gap-default\">\n\t\t\t\t\t<div class=\"elementor-column elementor-col-100 elementor-top-column elementor-element elementor-element-ff4c90e\" data-id=\"ff4c90e\" data-element_type=\"column\" data-e-type=\"column\">\n\t\t\t<div class=\"elementor-widget-wrap elementor-element-populated\">\n\t\t\t\t\t\t<div class=\"elementor-element elementor-element-6de14dd9 elementor-invisible elementor-widget elementor-widget-heading\" data-id=\"6de14dd9\" data-element_type=\"widget\" data-e-type=\"widget\" data-settings=\"{&quot;_animation&quot;:&quot;pulse&quot;,&quot;_animation_delay&quot;:200}\" data-widget_type=\"heading.default\">\n\t\t\t\t<div class=\"elementor-widget-container\">\n\t\t\t\t\t<h3 class=\"elementor-heading-title elementor-size-default\">A st\u00edlusos bels\u0151 t\u00e9r kialak\u00edt\u00e1s\u00e1hoz!<\/h3>\t\t\t\t<\/div>\n\t\t\t\t<\/div>\n\t\t\t\t<div class=\"elementor-element elementor-element-520bdb49 elementor-widget elementor-widget-text-editor\" data-id=\"520bdb49\" data-element_type=\"widget\" data-e-type=\"widget\" data-widget_type=\"text-editor.default\">\n\t\t\t\t<div class=\"elementor-widget-container\">\n\t\t\t\t\t\t\t\t\t<p>A sz\u00e9les m\u00e9retv\u00e1laszt\u00e9kban k\u00e9rhet\u0151 ajt\u00f3lap, valamint a k\u00fcl\u00f6nb\u00f6z\u0151 falvastags\u00e1gokhoz egyedileg rendelhet\u0151 tok biztos\u00edtja a t\u00f6k\u00e9letes v\u00e1laszt\u00e1s lehet\u0151s\u00e9g\u00e9t.\u00a0\u00a0<\/p>\t\t\t\t\t\t\t\t<\/div>\n\t\t\t\t<\/div>\n\t\t\t\t<div class=\"elementor-element elementor-element-4f262223 elementor-invisible elementor-widget elementor-widget-heading\" data-id=\"4f262223\" data-element_type=\"widget\" data-e-type=\"widget\" data-settings=\"{&quot;_animation&quot;:&quot;pulse&quot;,&quot;_animation_delay&quot;:500}\" data-widget_type=\"heading.default\">\n\t\t\t\t<div class=\"elementor-widget-container\">\n\t\t\t\t\t<h4 class=\"elementor-heading-title elementor-size-default\">K\u00c9RJE EGYEDI AJ\u00c1NLATUNKAT!<\/h4>\t\t\t\t<\/div>\n\t\t\t\t<\/div>\n\t\t\t\t<div class=\"elementor-element elementor-element-1dc0f8b8 elementor-align-center elementor-widget elementor-widget-button\" data-id=\"1dc0f8b8\" data-element_type=\"widget\" data-e-type=\"widget\" data-widget_type=\"button.default\">\n\t\t\t\t<div class=\"elementor-widget-container\">\n\t\t\t\t\t\t\t\t\t<div class=\"elementor-button-wrapper\">\n\t\t\t\t\t<a class=\"elementor-button elementor-button-link elementor-size-sm\" href=\"https:\/\/www.megadoor.hu\/index.php\/elerhetosegeink\/\">\n\t\t\t\t\t\t<span class=\"elementor-button-content-wrapper\">\n\t\t\t\t\t\t\t\t\t<span class=\"elementor-button-text\">AJ\u00c1NLATOT K\u00c9REK<\/span>\n\t\t\t\t\t<\/span>\n\t\t\t\t\t<\/a>\n\t\t\t\t<\/div>\n\t\t\t\t\t\t\t\t<\/div>\n\t\t\t\t<\/div>\n\t\t\t\t\t<\/div>\n\t\t<\/div>\n\t\t\t\t\t<\/div>\n\t\t<\/section>\n\t\t\t\t<\/div>\n\t\t","protected":false},"excerpt":{"rendered":"<p>C\u00e9g\u00fcnk, a Mega Door System &#8211; Csokoland Kft. 2004-ben kezdte meg tev\u00e9kenys\u00e9g\u00e9t a Mega biztons\u00e1gi ajt\u00f3k forgalmaz\u00e1s\u00e1val. M\u00e1ra term\u00e9klist\u00e1nk kib\u0151v\u00fclt belt\u00e9ri ajt\u00f3kkal, m\u0171anyag ny\u00edl\u00e1sz\u00e1r\u00f3kkal \u00e9s \u00e1rny\u00e9kol\u00e1stechnikai rendszerekkel. Term\u00e9keink egyedi m\u00e9retben, egyedi ig\u00e9nyekre szabva k\u00e9sz\u00fclnek. C\u00e9lunk, hogy kiv\u00e1l\u00f3 min\u0151s\u00e9gben, a legkedvez\u0151bb \u00e1ron, a lehet\u0151 legr\u00f6videbb id\u0151n bel\u00fcl juttassuk el v\u00e1s\u00e1rl\u00f3inkhoz. El\u0151z\u0151 K\u00f6vetkez\u0151 A kiemelked\u0151 min\u0151s\u00e9g\u00e9r\u0151l \u00e9s [&hellip;]<\/p>\n","protected":false},"author":1,"featured_media":0,"parent":0,"menu_order":0,"comment_status":"closed","ping_status":"closed","template":"","meta":{"footnotes":""},"class_list":["post-30","page","type-page","status-publish","hentry"],"_links":{"self":[{"href":"https:\/\/www.megadoor.hu\/index.php\/wp-json\/wp\/v2\/pages\/30","targetHints":{"allow":["GET"]}}],"collection":[{"href":"https:\/\/www.megadoor.hu\/index.php\/wp-json\/wp\/v2\/pages"}],"about":[{"href":"https:\/\/www.megadoor.hu\/index.php\/wp-json\/wp\/v2\/types\/page"}],"author":[{"embeddable":true,"href":"https:\/\/www.megadoor.hu\/index.php\/wp-json\/wp\/v2\/users\/1"}],"replies":[{"embeddable":true,"href":"https:\/\/www.megadoor.hu\/index.php\/wp-json\/wp\/v2\/comments?post=30"}],"version-history":[{"count":25,"href":"https:\/\/www.megadoor.hu\/index.php\/wp-json\/wp\/v2\/pages\/30\/revisions"}],"predecessor-version":[{"id":1457,"href":"https:\/\/www.megadoor.hu\/index.php\/wp-json\/wp\/v2\/pages\/30\/revisions\/1457"}],"wp:attachment":[{"href":"https:\/\/www.megadoor.hu\/index.php\/wp-json\/wp\/v2\/media?parent=30"}],"curies":[{"name":"wp","href":"https:\/\/api.w.org\/{rel}","templated":true}]}}